{"id":1743,"date":"2015-02-20T20:31:45","date_gmt":"2015-02-20T20:31:45","guid":{"rendered":"https:\/\/nicolaskalogeropoulos.com\/nouveau_site\/?page_id=1743"},"modified":"2015-03-11T20:54:56","modified_gmt":"2015-03-11T20:54:56","slug":"realisations","status":"publish","type":"page","link":"https:\/\/nicolaskalogeropoulos.com\/wordpress\/realisations\/","title":{"rendered":"R\u00e9alisations"},"content":{"rendered":"<p>[bra_portfolio title=\u00a0\u00bb cat_id=&rsquo;38&rsquo; no=&rsquo;-1&prime; show_filters=&rsquo;yes&rsquo; columns=&rsquo;4&prime; shape=\u00a0\u00bb height=\u00a0\u00bb hover=&rsquo;no&rsquo;]<\/p>\n","protected":false},"excerpt":{"rendered":"<p>[bra_portfolio title=\u00a0\u00bb cat_id=&rsquo;38&rsquo; no=&rsquo;-1&prime; show_filters=&rsquo;yes&rsquo; columns=&rsquo;4&prime; shape=\u00a0\u00bb height=\u00a0\u00bb hover=&rsquo;no&rsquo;]<\/p>\n","protected":false},"author":1,"featured_media":0,"parent":0,"menu_order":0,"comment_status":"closed","ping_status":"closed","template":"","meta":{"om_disable_all_campaigns":false,"footnotes":""},"class_list":["post-1743","page","type-page","status-publish","hentry"],"yoast_head":"<!-- This site is optimized with the Yoast SEO plugin v23.4 - https:\/\/yoast.com\/wordpress\/plugins\/seo\/ -->\n<title>R\u00e9alisations -<\/title>\n<meta name=\"robots\" content=\"index, follow, max-snippet:-1, max-image-preview:large, max-video-preview:-1\" \/>\n<link rel=\"canonical\" href=\"https:\/\/nicolaskalogeropoulos.com\/wordpress\/realisations\/\" \/>\n<meta property=\"og:locale\" content=\"fr_FR\" \/>\n<meta property=\"og:type\" content=\"article\" \/>\n<meta property=\"og:title\" content=\"R\u00e9alisations -\" \/>\n<meta property=\"og:description\" content=\"[bra_portfolio title=\u00a0\u00bb cat_id=&rsquo;38&rsquo; no=&rsquo;-1&prime; show_filters=&rsquo;yes&rsquo; columns=&rsquo;4&prime; shape=\u00a0\u00bb height=\u00a0\u00bb hover=&rsquo;no&rsquo;]\" \/>\n<meta property=\"og:url\" content=\"https:\/\/nicolaskalogeropoulos.com\/wordpress\/realisations\/\" \/>\n<meta property=\"og:site_name\" content=\"PHOTOGRAPHE CORPORATE PARIS\" \/>\n<meta property=\"article:publisher\" content=\"https:\/\/www.facebook.com\/NicoKaloPhotographe\/\" \/>\n<meta property=\"article:modified_time\" content=\"2015-03-11T20:54:56+00:00\" \/>\n<meta name=\"twitter:card\" content=\"summary_large_image\" \/>\n<meta name=\"twitter:site\" content=\"@papaestungeek\" \/>\n<script type=\"application\/ld+json\" class=\"yoast-schema-graph\">{\"@context\":\"https:\/\/schema.org\",\"@graph\":[{\"@type\":\"WebPage\",\"@id\":\"https:\/\/nicolaskalogeropoulos.com\/wordpress\/realisations\/\",\"url\":\"https:\/\/nicolaskalogeropoulos.com\/wordpress\/realisations\/\",\"name\":\"R\u00e9alisations -\",\"isPartOf\":{\"@id\":\"https:\/\/nicolaskalogeropoulos.com\/wordpress\/#website\"},\"datePublished\":\"2015-02-20T20:31:45+00:00\",\"dateModified\":\"2015-03-11T20:54:56+00:00\",\"breadcrumb\":{\"@id\":\"https:\/\/nicolaskalogeropoulos.com\/wordpress\/realisations\/#breadcrumb\"},\"inLanguage\":\"fr-FR\",\"potentialAction\":[{\"@type\":\"ReadAction\",\"target\":[\"https:\/\/nicolaskalogeropoulos.com\/wordpress\/realisations\/\"]}]},{\"@type\":\"BreadcrumbList\",\"@id\":\"https:\/\/nicolaskalogeropoulos.com\/wordpress\/realisations\/#breadcrumb\",\"itemListElement\":[{\"@type\":\"ListItem\",\"position\":1,\"name\":\"Accueil\",\"item\":\"https:\/\/nicolaskalogeropoulos.com\/wordpress\/\"},{\"@type\":\"ListItem\",\"position\":2,\"name\":\"R\u00e9alisations\"}]},{\"@type\":\"WebSite\",\"@id\":\"https:\/\/nicolaskalogeropoulos.com\/wordpress\/#website\",\"url\":\"https:\/\/nicolaskalogeropoulos.com\/wordpress\/\",\"name\":\"PHOTOGRAPHE CORPORATE PARIS\",\"description\":\"Nicolas Kalogeropoulos est un photographe freelance bas\u00e9 \u00e0 Paris, sp\u00e9cialis\u00e9 dans les photos pour les entreprises, portraits, reportages \u00e9v\u00e9nementiels, photo culinaire, etc.\",\"publisher\":{\"@id\":\"https:\/\/nicolaskalogeropoulos.com\/wordpress\/#organization\"},\"potentialAction\":[{\"@type\":\"SearchAction\",\"target\":{\"@type\":\"EntryPoint\",\"urlTemplate\":\"https:\/\/nicolaskalogeropoulos.com\/wordpress\/?s={search_term_string}\"},\"query-input\":{\"@type\":\"PropertyValueSpecification\",\"valueRequired\":true,\"valueName\":\"search_term_string\"}}],\"inLanguage\":\"fr-FR\"},{\"@type\":\"Organization\",\"@id\":\"https:\/\/nicolaskalogeropoulos.com\/wordpress\/#organization\",\"name\":\"Nicolas Kalogeropoulos Photographe Corporate\",\"url\":\"https:\/\/nicolaskalogeropoulos.com\/wordpress\/\",\"logo\":{\"@type\":\"ImageObject\",\"inLanguage\":\"fr-FR\",\"@id\":\"https:\/\/nicolaskalogeropoulos.com\/wordpress\/#\/schema\/logo\/image\/\",\"url\":\"https:\/\/nicolaskalogeropoulos.com\/wordpress\/wp-content\/uploads\/2015\/02\/logo2.png\",\"contentUrl\":\"https:\/\/nicolaskalogeropoulos.com\/wordpress\/wp-content\/uploads\/2015\/02\/logo2.png\",\"width\":145,\"height\":45,\"caption\":\"Nicolas Kalogeropoulos Photographe Corporate\"},\"image\":{\"@id\":\"https:\/\/nicolaskalogeropoulos.com\/wordpress\/#\/schema\/logo\/image\/\"},\"sameAs\":[\"https:\/\/www.facebook.com\/NicoKaloPhotographe\/\",\"https:\/\/x.com\/papaestungeek\",\"https:\/\/www.instagram.com\/nico_kalo\/\",\"https:\/\/www.linkedin.com\/in\/nicolas-kalogeropoulos-a95ba415\"]}]}<\/script>\n<!-- \/ Yoast SEO plugin. -->","yoast_head_json":{"title":"R\u00e9alisations -","robots":{"index":"index","follow":"follow","max-snippet":"max-snippet:-1","max-image-preview":"max-image-preview:large","max-video-preview":"max-video-preview:-1"},"canonical":"https:\/\/nicolaskalogeropoulos.com\/wordpress\/realisations\/","og_locale":"fr_FR","og_type":"article","og_title":"R\u00e9alisations -","og_description":"[bra_portfolio title=\u00a0\u00bb cat_id=&rsquo;38&rsquo; no=&rsquo;-1&prime; show_filters=&rsquo;yes&rsquo; columns=&rsquo;4&prime; shape=\u00a0\u00bb height=\u00a0\u00bb hover=&rsquo;no&rsquo;]","og_url":"https:\/\/nicolaskalogeropoulos.com\/wordpress\/realisations\/","og_site_name":"PHOTOGRAPHE CORPORATE PARIS","article_publisher":"https:\/\/www.facebook.com\/NicoKaloPhotographe\/","article_modified_time":"2015-03-11T20:54:56+00:00","twitter_card":"summary_large_image","twitter_site":"@papaestungeek","schema":{"@context":"https:\/\/schema.org","@graph":[{"@type":"WebPage","@id":"https:\/\/nicolaskalogeropoulos.com\/wordpress\/realisations\/","url":"https:\/\/nicolaskalogeropoulos.com\/wordpress\/realisations\/","name":"R\u00e9alisations -","isPartOf":{"@id":"https:\/\/nicolaskalogeropoulos.com\/wordpress\/#website"},"datePublished":"2015-02-20T20:31:45+00:00","dateModified":"2015-03-11T20:54:56+00:00","breadcrumb":{"@id":"https:\/\/nicolaskalogeropoulos.com\/wordpress\/realisations\/#breadcrumb"},"inLanguage":"fr-FR","potentialAction":[{"@type":"ReadAction","target":["https:\/\/nicolaskalogeropoulos.com\/wordpress\/realisations\/"]}]},{"@type":"BreadcrumbList","@id":"https:\/\/nicolaskalogeropoulos.com\/wordpress\/realisations\/#breadcrumb","itemListElement":[{"@type":"ListItem","position":1,"name":"Accueil","item":"https:\/\/nicolaskalogeropoulos.com\/wordpress\/"},{"@type":"ListItem","position":2,"name":"R\u00e9alisations"}]},{"@type":"WebSite","@id":"https:\/\/nicolaskalogeropoulos.com\/wordpress\/#website","url":"https:\/\/nicolaskalogeropoulos.com\/wordpress\/","name":"PHOTOGRAPHE CORPORATE PARIS","description":"Nicolas Kalogeropoulos est un photographe freelance bas\u00e9 \u00e0 Paris, sp\u00e9cialis\u00e9 dans les photos pour les entreprises, portraits, reportages \u00e9v\u00e9nementiels, photo culinaire, etc.","publisher":{"@id":"https:\/\/nicolaskalogeropoulos.com\/wordpress\/#organization"},"potentialAction":[{"@type":"SearchAction","target":{"@type":"EntryPoint","urlTemplate":"https:\/\/nicolaskalogeropoulos.com\/wordpress\/?s={search_term_string}"},"query-input":{"@type":"PropertyValueSpecification","valueRequired":true,"valueName":"search_term_string"}}],"inLanguage":"fr-FR"},{"@type":"Organization","@id":"https:\/\/nicolaskalogeropoulos.com\/wordpress\/#organization","name":"Nicolas Kalogeropoulos Photographe Corporate","url":"https:\/\/nicolaskalogeropoulos.com\/wordpress\/","logo":{"@type":"ImageObject","inLanguage":"fr-FR","@id":"https:\/\/nicolaskalogeropoulos.com\/wordpress\/#\/schema\/logo\/image\/","url":"https:\/\/nicolaskalogeropoulos.com\/wordpress\/wp-content\/uploads\/2015\/02\/logo2.png","contentUrl":"https:\/\/nicolaskalogeropoulos.com\/wordpress\/wp-content\/uploads\/2015\/02\/logo2.png","width":145,"height":45,"caption":"Nicolas Kalogeropoulos Photographe Corporate"},"image":{"@id":"https:\/\/nicolaskalogeropoulos.com\/wordpress\/#\/schema\/logo\/image\/"},"sameAs":["https:\/\/www.facebook.com\/NicoKaloPhotographe\/","https:\/\/x.com\/papaestungeek","https:\/\/www.instagram.com\/nico_kalo\/","https:\/\/www.linkedin.com\/in\/nicolas-kalogeropoulos-a95ba415"]}]}},"amp_enabled":true,"_links":{"self":[{"href":"https:\/\/nicolaskalogeropoulos.com\/wordpress\/wp-json\/wp\/v2\/pages\/1743"}],"collection":[{"href":"https:\/\/nicolaskalogeropoulos.com\/wordpress\/wp-json\/wp\/v2\/pages"}],"about":[{"href":"https:\/\/nicolaskalogeropoulos.com\/wordpress\/wp-json\/wp\/v2\/types\/page"}],"author":[{"embeddable":true,"href":"https:\/\/nicolaskalogeropoulos.com\/wordpress\/wp-json\/wp\/v2\/users\/1"}],"replies":[{"embeddable":true,"href":"https:\/\/nicolaskalogeropoulos.com\/wordpress\/wp-json\/wp\/v2\/comments?post=1743"}],"version-history":[{"count":0,"href":"https:\/\/nicolaskalogeropoulos.com\/wordpress\/wp-json\/wp\/v2\/pages\/1743\/revisions"}],"wp:attachment":[{"href":"https:\/\/nicolaskalogeropoulos.com\/wordpress\/wp-json\/wp\/v2\/media?parent=1743"}],"curies":[{"name":"wp","href":"https:\/\/api.w.org\/{rel}","templated":true}]}}