{"id":2462,"date":"2018-07-26T07:01:45","date_gmt":"2018-07-26T07:01:45","guid":{"rendered":"https:\/\/nicolaskalogeropoulos.com\/nouveau_site\/?page_id=2462"},"modified":"2020-06-11T08:59:10","modified_gmt":"2020-06-11T08:59:10","slug":"suivis-de-chantiers","status":"publish","type":"page","link":"https:\/\/nicolaskalogeropoulos.com\/wordpress\/suivis-de-chantiers\/","title":{"rendered":"Photographe suivis de chantier paris"},"content":{"rendered":"<h1>Pourquoi faire des photos avec un photographe suivis de chantier \u00e0 Paris ?<\/h1>\n<p>Que vous soyez un simple entrepreneur en b\u00e2timent, un artisan, ou une plus grosse entreprise, \u00eatre capable de montrer <img decoding=\"async\" class=\"lazyload alignright wp-image-2463 size-medium\" src=\"https:\/\/nicolaskalogeropoulos.com\/wordpress\/wp-content\/uploads\/2018\/07\/DSC_9641-300x200.jpg\" data-orig-src=\"https:\/\/nicolaskalogeropoulos.com\/wordpress\/wp-content\/uploads\/2018\/07\/DSC_9641-300x200.jpg\" alt=\"\" width=\"300\" height=\"200\" srcset=\"data:image\/svg+xml,%3Csvg%20xmlns%3D%27http%3A%2F%2Fwww.w3.org%2F2000%2Fsvg%27%20width%3D%27300%27%20height%3D%27200%27%20viewBox%3D%270%200%20300%20200%27%3E%3Crect%20width%3D%27300%27%20height%3D%27200%27%20fill-opacity%3D%220%22%2F%3E%3C%2Fsvg%3E\" data-srcset=\"https:\/\/nicolaskalogeropoulos.com\/wordpress\/wp-content\/uploads\/2018\/07\/DSC_9641-24x16.jpg 24w, https:\/\/nicolaskalogeropoulos.com\/wordpress\/wp-content\/uploads\/2018\/07\/DSC_9641-25x16.jpg 25w, https:\/\/nicolaskalogeropoulos.com\/wordpress\/wp-content\/uploads\/2018\/07\/DSC_9641-36x24.jpg 36w, https:\/\/nicolaskalogeropoulos.com\/wordpress\/wp-content\/uploads\/2018\/07\/DSC_9641-48x32.jpg 48w, https:\/\/nicolaskalogeropoulos.com\/wordpress\/wp-content\/uploads\/2018\/07\/DSC_9641-200x134.jpg 200w, https:\/\/nicolaskalogeropoulos.com\/wordpress\/wp-content\/uploads\/2018\/07\/DSC_9641-300x200.jpg 300w, https:\/\/nicolaskalogeropoulos.com\/wordpress\/wp-content\/uploads\/2018\/07\/DSC_9641.jpg 376w\" data-sizes=\"auto\" data-orig-sizes=\"(max-width: 300px) 100vw, 300px\" \/>l\u2019avanc\u00e9e de vos r\u00e9alisations est important. Les reportages de suivis de chantiers ont plusieurs fonctions, ils permettent d\u2019avoir un avant\/apr\u00e8s dans le cadre d\u2019une r\u00e9novation, ils peuvent mettre en valeur votre savoir-faire et vos m\u00e9tiers, ils servent \u00e0 rassurer le public sur l\u2019avancement des travaux, et peuvent servir de garantie visuelle en cas de conflit.<\/p>\n<p>Lors de chantiers particuli\u00e8rement embl\u00e9matiques, il est important de montrer que vous avez r\u00e9ussi \u00e0 remporter l&rsquo;appel d&rsquo;offres et que les travaux sont conformes aux demandes. C&rsquo;est une vitrine, une carte de visite pour vos futures r\u00e9alisations !<\/p>\n<h2>Suivis de chantiers de r\u00e9novation immobili\u00e8re<\/h2>\n<p>Transformer enti\u00e8rement un appartement ou une maison est un engagement important pour le maitre d&rsquo;ouvrage ayant command\u00e9 les travaux, et ce d&rsquo;autant plus si c&rsquo;est un particulier. \u00catre capable de donner en fin de chantier un petit livre photo montrant l&rsquo;\u00e9volution du chantier avant\/apr\u00e8s est un vrai plus toujours tr\u00e8s appr\u00e9ci\u00e9 par les clients !<\/p>\n<p>C&rsquo;est la mission du photographe sp\u00e9cialis\u00e9 en suivis de chantiers que de s&rsquo;assurer que les angles de vues sont toujours identiques en revenant plusieurs fois sur le chantier afin d&rsquo;en suivre les \u00e9volutions.<\/p>\n\n\t\t<style type=\"text\/css\">\n\t\t\t#gallery-1 {\n\t\t\t\tmargin: auto;\n\t\t\t}\n\t\t\t#gallery-1 .gallery-item {\n\t\t\t\tfloat: left;\n\t\t\t\tmargin-top: 10px;\n\t\t\t\ttext-align: center;\n\t\t\t\twidth: 33%;\n\t\t\t}\n\t\t\t#gallery-1 img {\n\t\t\t\tborder: 2px solid #cfcfcf;\n\t\t\t}\n\t\t\t#gallery-1 .gallery-caption {\n\t\t\t\tmargin-left: 0;\n\t\t\t}\n\t\t\t\/* see gallery_shortcode() in wp-includes\/media.php *\/\n\t\t<\/style>\n\t\t<div id='gallery-1' class='gallery galleryid-2462 gallery-columns-3 gallery-size-medium'><dl class='gallery-item'>\n\t\t\t<dt class='gallery-icon landscape'>\n\t\t\t\t<img decoding=\"async\" width=\"300\" height=\"200\" src=\"https:\/\/nicolaskalogeropoulos.com\/wordpress\/wp-content\/uploads\/2018\/07\/DSC_0773-300x200.jpg\" class=\"attachment-medium size-medium lazyload\" alt=\"\" srcset=\"data:image\/svg+xml,%3Csvg%20xmlns%3D%27http%3A%2F%2Fwww.w3.org%2F2000%2Fsvg%27%20width%3D%27376%27%20height%3D%27251%27%20viewBox%3D%270%200%20376%20251%27%3E%3Crect%20width%3D%27376%27%20height%3D%27251%27%20fill-opacity%3D%220%22%2F%3E%3C%2Fsvg%3E\" data-orig-src=\"https:\/\/nicolaskalogeropoulos.com\/wordpress\/wp-content\/uploads\/2018\/07\/DSC_0773-300x200.jpg\" data-srcset=\"https:\/\/nicolaskalogeropoulos.com\/wordpress\/wp-content\/uploads\/2018\/07\/DSC_0773-24x16.jpg 24w, https:\/\/nicolaskalogeropoulos.com\/wordpress\/wp-content\/uploads\/2018\/07\/DSC_0773-25x16.jpg 25w, https:\/\/nicolaskalogeropoulos.com\/wordpress\/wp-content\/uploads\/2018\/07\/DSC_0773-36x24.jpg 36w, https:\/\/nicolaskalogeropoulos.com\/wordpress\/wp-content\/uploads\/2018\/07\/DSC_0773-48x32.jpg 48w, https:\/\/nicolaskalogeropoulos.com\/wordpress\/wp-content\/uploads\/2018\/07\/DSC_0773-200x134.jpg 200w, https:\/\/nicolaskalogeropoulos.com\/wordpress\/wp-content\/uploads\/2018\/07\/DSC_0773-300x200.jpg 300w, https:\/\/nicolaskalogeropoulos.com\/wordpress\/wp-content\/uploads\/2018\/07\/DSC_0773.jpg 376w\" data-sizes=\"auto\" \/>\n\t\t\t<\/dt><\/dl><dl class='gallery-item'>\n\t\t\t<dt class='gallery-icon landscape'>\n\t\t\t\t<img decoding=\"async\" width=\"300\" height=\"200\" src=\"https:\/\/nicolaskalogeropoulos.com\/wordpress\/wp-content\/uploads\/2018\/07\/DSC_0876-300x200.jpg\" class=\"attachment-medium size-medium lazyload\" alt=\"\" srcset=\"data:image\/svg+xml,%3Csvg%20xmlns%3D%27http%3A%2F%2Fwww.w3.org%2F2000%2Fsvg%27%20width%3D%27376%27%20height%3D%27251%27%20viewBox%3D%270%200%20376%20251%27%3E%3Crect%20width%3D%27376%27%20height%3D%27251%27%20fill-opacity%3D%220%22%2F%3E%3C%2Fsvg%3E\" data-orig-src=\"https:\/\/nicolaskalogeropoulos.com\/wordpress\/wp-content\/uploads\/2018\/07\/DSC_0876-300x200.jpg\" data-srcset=\"https:\/\/nicolaskalogeropoulos.com\/wordpress\/wp-content\/uploads\/2018\/07\/DSC_0876-24x16.jpg 24w, https:\/\/nicolaskalogeropoulos.com\/wordpress\/wp-content\/uploads\/2018\/07\/DSC_0876-25x16.jpg 25w, https:\/\/nicolaskalogeropoulos.com\/wordpress\/wp-content\/uploads\/2018\/07\/DSC_0876-36x24.jpg 36w, https:\/\/nicolaskalogeropoulos.com\/wordpress\/wp-content\/uploads\/2018\/07\/DSC_0876-48x32.jpg 48w, https:\/\/nicolaskalogeropoulos.com\/wordpress\/wp-content\/uploads\/2018\/07\/DSC_0876-200x134.jpg 200w, https:\/\/nicolaskalogeropoulos.com\/wordpress\/wp-content\/uploads\/2018\/07\/DSC_0876-300x200.jpg 300w, https:\/\/nicolaskalogeropoulos.com\/wordpress\/wp-content\/uploads\/2018\/07\/DSC_0876.jpg 376w\" data-sizes=\"auto\" \/>\n\t\t\t<\/dt><\/dl><dl class='gallery-item'>\n\t\t\t<dt class='gallery-icon landscape'>\n\t\t\t\t<img decoding=\"async\" width=\"300\" height=\"200\" src=\"https:\/\/nicolaskalogeropoulos.com\/wordpress\/wp-content\/uploads\/2018\/07\/DSC_5472-300x200.jpg\" class=\"attachment-medium size-medium lazyload\" alt=\"\" srcset=\"data:image\/svg+xml,%3Csvg%20xmlns%3D%27http%3A%2F%2Fwww.w3.org%2F2000%2Fsvg%27%20width%3D%27376%27%20height%3D%27251%27%20viewBox%3D%270%200%20376%20251%27%3E%3Crect%20width%3D%27376%27%20height%3D%27251%27%20fill-opacity%3D%220%22%2F%3E%3C%2Fsvg%3E\" data-orig-src=\"https:\/\/nicolaskalogeropoulos.com\/wordpress\/wp-content\/uploads\/2018\/07\/DSC_5472-300x200.jpg\" data-srcset=\"https:\/\/nicolaskalogeropoulos.com\/wordpress\/wp-content\/uploads\/2018\/07\/DSC_5472-24x16.jpg 24w, https:\/\/nicolaskalogeropoulos.com\/wordpress\/wp-content\/uploads\/2018\/07\/DSC_5472-25x16.jpg 25w, https:\/\/nicolaskalogeropoulos.com\/wordpress\/wp-content\/uploads\/2018\/07\/DSC_5472-36x24.jpg 36w, https:\/\/nicolaskalogeropoulos.com\/wordpress\/wp-content\/uploads\/2018\/07\/DSC_5472-48x32.jpg 48w, https:\/\/nicolaskalogeropoulos.com\/wordpress\/wp-content\/uploads\/2018\/07\/DSC_5472-200x134.jpg 200w, https:\/\/nicolaskalogeropoulos.com\/wordpress\/wp-content\/uploads\/2018\/07\/DSC_5472-300x200.jpg 300w, https:\/\/nicolaskalogeropoulos.com\/wordpress\/wp-content\/uploads\/2018\/07\/DSC_5472.jpg 376w\" data-sizes=\"auto\" \/>\n\t\t\t<\/dt><\/dl><br style=\"clear: both\" \/>\n\t\t<\/div>\n\n<h2>Fournisseurs, mettez en avant vos produits !<\/h2>\n<p>Les photos de chantiers ne sont pas uniquement l&rsquo;apanage des promoteurs, entrepreneurs et architectes ! Les entreprises qui fabriquent les produits et \u00e9l\u00e9ments techniques qui seront install\u00e9s pendant le chantier peuvent avoir besoin \u00e9galement de photographies. Ces photos peuvent servir d&rsquo;exemples de r\u00e9alisations pour un portfolio, mais aussi de r\u00e9f\u00e9rent technique pour cr\u00e9er des guides d&rsquo;installations. Ces photos sont un bon compl\u00e9ments aux prises de vues <a href=\"https:\/\/nicolaskalogeropoulos.com\/wordpress\/packshot\/\">packshot<\/a>.<\/p>\n\n\t\t<style type=\"text\/css\">\n\t\t\t#gallery-2 {\n\t\t\t\tmargin: auto;\n\t\t\t}\n\t\t\t#gallery-2 .gallery-item {\n\t\t\t\tfloat: left;\n\t\t\t\tmargin-top: 10px;\n\t\t\t\ttext-align: center;\n\t\t\t\twidth: 33%;\n\t\t\t}\n\t\t\t#gallery-2 img {\n\t\t\t\tborder: 2px solid #cfcfcf;\n\t\t\t}\n\t\t\t#gallery-2 .gallery-caption {\n\t\t\t\tmargin-left: 0;\n\t\t\t}\n\t\t\t\/* see gallery_shortcode() in wp-includes\/media.php *\/\n\t\t<\/style>\n\t\t<div id='gallery-2' class='gallery galleryid-2462 gallery-columns-3 gallery-size-medium'><dl class='gallery-item'>\n\t\t\t<dt class='gallery-icon landscape'>\n\t\t\t\t<img decoding=\"async\" width=\"300\" height=\"200\" src=\"https:\/\/nicolaskalogeropoulos.com\/wordpress\/wp-content\/uploads\/2018\/07\/DSC_9633-300x200.jpg\" class=\"attachment-medium size-medium lazyload\" alt=\"\" srcset=\"data:image\/svg+xml,%3Csvg%20xmlns%3D%27http%3A%2F%2Fwww.w3.org%2F2000%2Fsvg%27%20width%3D%27355%27%20height%3D%27237%27%20viewBox%3D%270%200%20355%20237%27%3E%3Crect%20width%3D%27355%27%20height%3D%27237%27%20fill-opacity%3D%220%22%2F%3E%3C%2Fsvg%3E\" data-orig-src=\"https:\/\/nicolaskalogeropoulos.com\/wordpress\/wp-content\/uploads\/2018\/07\/DSC_9633-300x200.jpg\" data-srcset=\"https:\/\/nicolaskalogeropoulos.com\/wordpress\/wp-content\/uploads\/2018\/07\/DSC_9633-24x16.jpg 24w, https:\/\/nicolaskalogeropoulos.com\/wordpress\/wp-content\/uploads\/2018\/07\/DSC_9633-25x16.jpg 25w, https:\/\/nicolaskalogeropoulos.com\/wordpress\/wp-content\/uploads\/2018\/07\/DSC_9633-36x24.jpg 36w, https:\/\/nicolaskalogeropoulos.com\/wordpress\/wp-content\/uploads\/2018\/07\/DSC_9633-48x32.jpg 48w, https:\/\/nicolaskalogeropoulos.com\/wordpress\/wp-content\/uploads\/2018\/07\/DSC_9633-200x134.jpg 200w, https:\/\/nicolaskalogeropoulos.com\/wordpress\/wp-content\/uploads\/2018\/07\/DSC_9633-300x200.jpg 300w, https:\/\/nicolaskalogeropoulos.com\/wordpress\/wp-content\/uploads\/2018\/07\/DSC_9633.jpg 355w\" data-sizes=\"auto\" \/>\n\t\t\t<\/dt><\/dl><dl class='gallery-item'>\n\t\t\t<dt class='gallery-icon landscape'>\n\t\t\t\t<img decoding=\"async\" width=\"300\" height=\"200\" src=\"https:\/\/nicolaskalogeropoulos.com\/wordpress\/wp-content\/uploads\/2018\/07\/DSC_9620-300x200.jpg\" class=\"attachment-medium size-medium lazyload\" alt=\"\" srcset=\"data:image\/svg+xml,%3Csvg%20xmlns%3D%27http%3A%2F%2Fwww.w3.org%2F2000%2Fsvg%27%20width%3D%27376%27%20height%3D%27251%27%20viewBox%3D%270%200%20376%20251%27%3E%3Crect%20width%3D%27376%27%20height%3D%27251%27%20fill-opacity%3D%220%22%2F%3E%3C%2Fsvg%3E\" data-orig-src=\"https:\/\/nicolaskalogeropoulos.com\/wordpress\/wp-content\/uploads\/2018\/07\/DSC_9620-300x200.jpg\" data-srcset=\"https:\/\/nicolaskalogeropoulos.com\/wordpress\/wp-content\/uploads\/2018\/07\/DSC_9620-24x16.jpg 24w, https:\/\/nicolaskalogeropoulos.com\/wordpress\/wp-content\/uploads\/2018\/07\/DSC_9620-25x16.jpg 25w, https:\/\/nicolaskalogeropoulos.com\/wordpress\/wp-content\/uploads\/2018\/07\/DSC_9620-36x24.jpg 36w, https:\/\/nicolaskalogeropoulos.com\/wordpress\/wp-content\/uploads\/2018\/07\/DSC_9620-48x32.jpg 48w, https:\/\/nicolaskalogeropoulos.com\/wordpress\/wp-content\/uploads\/2018\/07\/DSC_9620-200x134.jpg 200w, https:\/\/nicolaskalogeropoulos.com\/wordpress\/wp-content\/uploads\/2018\/07\/DSC_9620-300x200.jpg 300w, https:\/\/nicolaskalogeropoulos.com\/wordpress\/wp-content\/uploads\/2018\/07\/DSC_9620.jpg 376w\" data-sizes=\"auto\" \/>\n\t\t\t<\/dt><\/dl><dl class='gallery-item'>\n\t\t\t<dt class='gallery-icon landscape'>\n\t\t\t\t<img decoding=\"async\" width=\"300\" height=\"200\" src=\"https:\/\/nicolaskalogeropoulos.com\/wordpress\/wp-content\/uploads\/2018\/07\/DSC_9722-300x200.jpg\" class=\"attachment-medium size-medium lazyload\" alt=\"\" srcset=\"data:image\/svg+xml,%3Csvg%20xmlns%3D%27http%3A%2F%2Fwww.w3.org%2F2000%2Fsvg%27%20width%3D%27376%27%20height%3D%27251%27%20viewBox%3D%270%200%20376%20251%27%3E%3Crect%20width%3D%27376%27%20height%3D%27251%27%20fill-opacity%3D%220%22%2F%3E%3C%2Fsvg%3E\" data-orig-src=\"https:\/\/nicolaskalogeropoulos.com\/wordpress\/wp-content\/uploads\/2018\/07\/DSC_9722-300x200.jpg\" data-srcset=\"https:\/\/nicolaskalogeropoulos.com\/wordpress\/wp-content\/uploads\/2018\/07\/DSC_9722-24x16.jpg 24w, https:\/\/nicolaskalogeropoulos.com\/wordpress\/wp-content\/uploads\/2018\/07\/DSC_9722-25x16.jpg 25w, https:\/\/nicolaskalogeropoulos.com\/wordpress\/wp-content\/uploads\/2018\/07\/DSC_9722-36x24.jpg 36w, https:\/\/nicolaskalogeropoulos.com\/wordpress\/wp-content\/uploads\/2018\/07\/DSC_9722-48x32.jpg 48w, https:\/\/nicolaskalogeropoulos.com\/wordpress\/wp-content\/uploads\/2018\/07\/DSC_9722-200x134.jpg 200w, https:\/\/nicolaskalogeropoulos.com\/wordpress\/wp-content\/uploads\/2018\/07\/DSC_9722-300x200.jpg 300w, https:\/\/nicolaskalogeropoulos.com\/wordpress\/wp-content\/uploads\/2018\/07\/DSC_9722.jpg 376w\" data-sizes=\"auto\" \/>\n\t\t\t<\/dt><\/dl><br style=\"clear: both\" \/><dl class='gallery-item'>\n\t\t\t<dt class='gallery-icon landscape'>\n\t\t\t\t<img decoding=\"async\" width=\"300\" height=\"200\" src=\"https:\/\/nicolaskalogeropoulos.com\/wordpress\/wp-content\/uploads\/2018\/07\/DSC_9654-300x200.jpg\" class=\"attachment-medium size-medium lazyload\" alt=\"\" srcset=\"data:image\/svg+xml,%3Csvg%20xmlns%3D%27http%3A%2F%2Fwww.w3.org%2F2000%2Fsvg%27%20width%3D%27376%27%20height%3D%27251%27%20viewBox%3D%270%200%20376%20251%27%3E%3Crect%20width%3D%27376%27%20height%3D%27251%27%20fill-opacity%3D%220%22%2F%3E%3C%2Fsvg%3E\" data-orig-src=\"https:\/\/nicolaskalogeropoulos.com\/wordpress\/wp-content\/uploads\/2018\/07\/DSC_9654-300x200.jpg\" data-srcset=\"https:\/\/nicolaskalogeropoulos.com\/wordpress\/wp-content\/uploads\/2018\/07\/DSC_9654-24x16.jpg 24w, https:\/\/nicolaskalogeropoulos.com\/wordpress\/wp-content\/uploads\/2018\/07\/DSC_9654-25x16.jpg 25w, https:\/\/nicolaskalogeropoulos.com\/wordpress\/wp-content\/uploads\/2018\/07\/DSC_9654-36x24.jpg 36w, https:\/\/nicolaskalogeropoulos.com\/wordpress\/wp-content\/uploads\/2018\/07\/DSC_9654-48x32.jpg 48w, https:\/\/nicolaskalogeropoulos.com\/wordpress\/wp-content\/uploads\/2018\/07\/DSC_9654-200x134.jpg 200w, https:\/\/nicolaskalogeropoulos.com\/wordpress\/wp-content\/uploads\/2018\/07\/DSC_9654-300x200.jpg 300w, https:\/\/nicolaskalogeropoulos.com\/wordpress\/wp-content\/uploads\/2018\/07\/DSC_9654.jpg 376w\" data-sizes=\"auto\" \/>\n\t\t\t<\/dt><\/dl>\n\t\t\t<br style='clear: both' \/>\n\t\t<\/div>\n\n<p>&nbsp;<\/p>\n<h2>Suivis de chantiers et photo a\u00e9rienne ?<\/h2>\n<p>C&rsquo;est \u00e9galement possible de r\u00e9aliser des prises de vues plus globales depuis le ciel \u00e0 l&rsquo;aide d&rsquo;un drone lors des chantiers. R\u00e9alis\u00e9es \u00e0 intervalles r\u00e9guliers, ces photos sont aussi tr\u00e8s int\u00e9ressantes \u00e0 int\u00e9grer dans un reportage global ou sur une vid\u00e9o qui retrace toute l&rsquo;histoire du chantier.<\/p>\n<p>Pour plus de renseignements, ou pour me parler de vos projets de chantiers, <a href=\"https:\/\/nicolaskalogeropoulos.com\/wordpress\/contact-3\/\">\u00e9crivez-moi<\/a> !<\/p>\n","protected":false},"excerpt":{"rendered":"<p>Pourquoi faire des photos avec un photographe suivis de chantier [&hellip;]<\/p>\n","protected":false},"author":1,"featured_media":0,"parent":0,"menu_order":0,"comment_status":"closed","ping_status":"closed","template":"","meta":{"om_disable_all_campaigns":false,"footnotes":""},"class_list":["post-2462","page","type-page","status-publish","hentry"],"yoast_head":"<!-- This site is optimized with the Yoast SEO plugin v23.4 - https:\/\/yoast.com\/wordpress\/plugins\/seo\/ -->\n<title>Photographe suivis de chantier paris -<\/title>\n<meta name=\"robots\" content=\"index, follow, max-snippet:-1, max-image-preview:large, max-video-preview:-1\" \/>\n<link rel=\"canonical\" href=\"https:\/\/nicolaskalogeropoulos.com\/wordpress\/suivis-de-chantiers\/\" \/>\n<meta property=\"og:locale\" content=\"fr_FR\" \/>\n<meta property=\"og:type\" content=\"article\" \/>\n<meta property=\"og:title\" content=\"Photographe suivis de chantier paris -\" \/>\n<meta property=\"og:description\" content=\"Pourquoi faire des photos avec un photographe suivis de chantier [&hellip;]\" \/>\n<meta property=\"og:url\" content=\"https:\/\/nicolaskalogeropoulos.com\/wordpress\/suivis-de-chantiers\/\" \/>\n<meta property=\"og:site_name\" content=\"PHOTOGRAPHE CORPORATE PARIS\" \/>\n<meta property=\"article:publisher\" content=\"https:\/\/www.facebook.com\/NicoKaloPhotographe\/\" \/>\n<meta property=\"article:modified_time\" content=\"2020-06-11T08:59:10+00:00\" \/>\n<meta property=\"og:image\" content=\"https:\/\/nicolaskalogeropoulos.com\/wordpress\/wp-content\/uploads\/2018\/07\/DSC_0773-300x200.jpg\" \/>\n<meta name=\"twitter:card\" content=\"summary_large_image\" \/>\n<meta name=\"twitter:site\" content=\"@papaestungeek\" \/>\n<meta name=\"twitter:label1\" content=\"Dur\u00e9e de lecture estim\u00e9e\" \/>\n\t<meta name=\"twitter:data1\" content=\"2 minutes\" \/>\n<script type=\"application\/ld+json\" class=\"yoast-schema-graph\">{\"@context\":\"https:\/\/schema.org\",\"@graph\":[{\"@type\":\"WebPage\",\"@id\":\"https:\/\/nicolaskalogeropoulos.com\/wordpress\/suivis-de-chantiers\/\",\"url\":\"https:\/\/nicolaskalogeropoulos.com\/wordpress\/suivis-de-chantiers\/\",\"name\":\"Photographe suivis de chantier paris -\",\"isPartOf\":{\"@id\":\"https:\/\/nicolaskalogeropoulos.com\/wordpress\/#website\"},\"primaryImageOfPage\":{\"@id\":\"https:\/\/nicolaskalogeropoulos.com\/wordpress\/suivis-de-chantiers\/#primaryimage\"},\"image\":{\"@id\":\"https:\/\/nicolaskalogeropoulos.com\/wordpress\/suivis-de-chantiers\/#primaryimage\"},\"thumbnailUrl\":\"https:\/\/nicolaskalogeropoulos.com\/wordpress\/wp-content\/uploads\/2018\/07\/DSC_9641-300x200.jpg\",\"datePublished\":\"2018-07-26T07:01:45+00:00\",\"dateModified\":\"2020-06-11T08:59:10+00:00\",\"breadcrumb\":{\"@id\":\"https:\/\/nicolaskalogeropoulos.com\/wordpress\/suivis-de-chantiers\/#breadcrumb\"},\"inLanguage\":\"fr-FR\",\"potentialAction\":[{\"@type\":\"ReadAction\",\"target\":[\"https:\/\/nicolaskalogeropoulos.com\/wordpress\/suivis-de-chantiers\/\"]}]},{\"@type\":\"ImageObject\",\"inLanguage\":\"fr-FR\",\"@id\":\"https:\/\/nicolaskalogeropoulos.com\/wordpress\/suivis-de-chantiers\/#primaryimage\",\"url\":\"https:\/\/nicolaskalogeropoulos.com\/wordpress\/wp-content\/uploads\/2018\/07\/DSC_9641.jpg\",\"contentUrl\":\"https:\/\/nicolaskalogeropoulos.com\/wordpress\/wp-content\/uploads\/2018\/07\/DSC_9641.jpg\",\"width\":376,\"height\":251},{\"@type\":\"BreadcrumbList\",\"@id\":\"https:\/\/nicolaskalogeropoulos.com\/wordpress\/suivis-de-chantiers\/#breadcrumb\",\"itemListElement\":[{\"@type\":\"ListItem\",\"position\":1,\"name\":\"Accueil\",\"item\":\"https:\/\/nicolaskalogeropoulos.com\/wordpress\/\"},{\"@type\":\"ListItem\",\"position\":2,\"name\":\"Photographe suivis de chantier paris\"}]},{\"@type\":\"WebSite\",\"@id\":\"https:\/\/nicolaskalogeropoulos.com\/wordpress\/#website\",\"url\":\"https:\/\/nicolaskalogeropoulos.com\/wordpress\/\",\"name\":\"PHOTOGRAPHE CORPORATE PARIS\",\"description\":\"Nicolas Kalogeropoulos est un photographe freelance bas\u00e9 \u00e0 Paris, sp\u00e9cialis\u00e9 dans les photos pour les entreprises, portraits, reportages \u00e9v\u00e9nementiels, photo culinaire, etc.\",\"publisher\":{\"@id\":\"https:\/\/nicolaskalogeropoulos.com\/wordpress\/#organization\"},\"potentialAction\":[{\"@type\":\"SearchAction\",\"target\":{\"@type\":\"EntryPoint\",\"urlTemplate\":\"https:\/\/nicolaskalogeropoulos.com\/wordpress\/?s={search_term_string}\"},\"query-input\":{\"@type\":\"PropertyValueSpecification\",\"valueRequired\":true,\"valueName\":\"search_term_string\"}}],\"inLanguage\":\"fr-FR\"},{\"@type\":\"Organization\",\"@id\":\"https:\/\/nicolaskalogeropoulos.com\/wordpress\/#organization\",\"name\":\"Nicolas Kalogeropoulos Photographe Corporate\",\"url\":\"https:\/\/nicolaskalogeropoulos.com\/wordpress\/\",\"logo\":{\"@type\":\"ImageObject\",\"inLanguage\":\"fr-FR\",\"@id\":\"https:\/\/nicolaskalogeropoulos.com\/wordpress\/#\/schema\/logo\/image\/\",\"url\":\"https:\/\/nicolaskalogeropoulos.com\/wordpress\/wp-content\/uploads\/2015\/02\/logo2.png\",\"contentUrl\":\"https:\/\/nicolaskalogeropoulos.com\/wordpress\/wp-content\/uploads\/2015\/02\/logo2.png\",\"width\":145,\"height\":45,\"caption\":\"Nicolas Kalogeropoulos Photographe Corporate\"},\"image\":{\"@id\":\"https:\/\/nicolaskalogeropoulos.com\/wordpress\/#\/schema\/logo\/image\/\"},\"sameAs\":[\"https:\/\/www.facebook.com\/NicoKaloPhotographe\/\",\"https:\/\/x.com\/papaestungeek\",\"https:\/\/www.instagram.com\/nico_kalo\/\",\"https:\/\/www.linkedin.com\/in\/nicolas-kalogeropoulos-a95ba415\"]}]}<\/script>\n<!-- \/ Yoast SEO plugin. -->","yoast_head_json":{"title":"Photographe suivis de chantier paris -","robots":{"index":"index","follow":"follow","max-snippet":"max-snippet:-1","max-image-preview":"max-image-preview:large","max-video-preview":"max-video-preview:-1"},"canonical":"https:\/\/nicolaskalogeropoulos.com\/wordpress\/suivis-de-chantiers\/","og_locale":"fr_FR","og_type":"article","og_title":"Photographe suivis de chantier paris -","og_description":"Pourquoi faire des photos avec un photographe suivis de chantier [&hellip;]","og_url":"https:\/\/nicolaskalogeropoulos.com\/wordpress\/suivis-de-chantiers\/","og_site_name":"PHOTOGRAPHE CORPORATE PARIS","article_publisher":"https:\/\/www.facebook.com\/NicoKaloPhotographe\/","article_modified_time":"2020-06-11T08:59:10+00:00","og_image":[{"url":"https:\/\/nicolaskalogeropoulos.com\/wordpress\/wp-content\/uploads\/2018\/07\/DSC_0773-300x200.jpg"}],"twitter_card":"summary_large_image","twitter_site":"@papaestungeek","twitter_misc":{"Dur\u00e9e de lecture estim\u00e9e":"2 minutes"},"schema":{"@context":"https:\/\/schema.org","@graph":[{"@type":"WebPage","@id":"https:\/\/nicolaskalogeropoulos.com\/wordpress\/suivis-de-chantiers\/","url":"https:\/\/nicolaskalogeropoulos.com\/wordpress\/suivis-de-chantiers\/","name":"Photographe suivis de chantier paris -","isPartOf":{"@id":"https:\/\/nicolaskalogeropoulos.com\/wordpress\/#website"},"primaryImageOfPage":{"@id":"https:\/\/nicolaskalogeropoulos.com\/wordpress\/suivis-de-chantiers\/#primaryimage"},"image":{"@id":"https:\/\/nicolaskalogeropoulos.com\/wordpress\/suivis-de-chantiers\/#primaryimage"},"thumbnailUrl":"https:\/\/nicolaskalogeropoulos.com\/wordpress\/wp-content\/uploads\/2018\/07\/DSC_9641-300x200.jpg","datePublished":"2018-07-26T07:01:45+00:00","dateModified":"2020-06-11T08:59:10+00:00","breadcrumb":{"@id":"https:\/\/nicolaskalogeropoulos.com\/wordpress\/suivis-de-chantiers\/#breadcrumb"},"inLanguage":"fr-FR","potentialAction":[{"@type":"ReadAction","target":["https:\/\/nicolaskalogeropoulos.com\/wordpress\/suivis-de-chantiers\/"]}]},{"@type":"ImageObject","inLanguage":"fr-FR","@id":"https:\/\/nicolaskalogeropoulos.com\/wordpress\/suivis-de-chantiers\/#primaryimage","url":"https:\/\/nicolaskalogeropoulos.com\/wordpress\/wp-content\/uploads\/2018\/07\/DSC_9641.jpg","contentUrl":"https:\/\/nicolaskalogeropoulos.com\/wordpress\/wp-content\/uploads\/2018\/07\/DSC_9641.jpg","width":376,"height":251},{"@type":"BreadcrumbList","@id":"https:\/\/nicolaskalogeropoulos.com\/wordpress\/suivis-de-chantiers\/#breadcrumb","itemListElement":[{"@type":"ListItem","position":1,"name":"Accueil","item":"https:\/\/nicolaskalogeropoulos.com\/wordpress\/"},{"@type":"ListItem","position":2,"name":"Photographe suivis de chantier paris"}]},{"@type":"WebSite","@id":"https:\/\/nicolaskalogeropoulos.com\/wordpress\/#website","url":"https:\/\/nicolaskalogeropoulos.com\/wordpress\/","name":"PHOTOGRAPHE CORPORATE PARIS","description":"Nicolas Kalogeropoulos est un photographe freelance bas\u00e9 \u00e0 Paris, sp\u00e9cialis\u00e9 dans les photos pour les entreprises, portraits, reportages \u00e9v\u00e9nementiels, photo culinaire, etc.","publisher":{"@id":"https:\/\/nicolaskalogeropoulos.com\/wordpress\/#organization"},"potentialAction":[{"@type":"SearchAction","target":{"@type":"EntryPoint","urlTemplate":"https:\/\/nicolaskalogeropoulos.com\/wordpress\/?s={search_term_string}"},"query-input":{"@type":"PropertyValueSpecification","valueRequired":true,"valueName":"search_term_string"}}],"inLanguage":"fr-FR"},{"@type":"Organization","@id":"https:\/\/nicolaskalogeropoulos.com\/wordpress\/#organization","name":"Nicolas Kalogeropoulos Photographe Corporate","url":"https:\/\/nicolaskalogeropoulos.com\/wordpress\/","logo":{"@type":"ImageObject","inLanguage":"fr-FR","@id":"https:\/\/nicolaskalogeropoulos.com\/wordpress\/#\/schema\/logo\/image\/","url":"https:\/\/nicolaskalogeropoulos.com\/wordpress\/wp-content\/uploads\/2015\/02\/logo2.png","contentUrl":"https:\/\/nicolaskalogeropoulos.com\/wordpress\/wp-content\/uploads\/2015\/02\/logo2.png","width":145,"height":45,"caption":"Nicolas Kalogeropoulos Photographe Corporate"},"image":{"@id":"https:\/\/nicolaskalogeropoulos.com\/wordpress\/#\/schema\/logo\/image\/"},"sameAs":["https:\/\/www.facebook.com\/NicoKaloPhotographe\/","https:\/\/x.com\/papaestungeek","https:\/\/www.instagram.com\/nico_kalo\/","https:\/\/www.linkedin.com\/in\/nicolas-kalogeropoulos-a95ba415"]}]}},"amp_enabled":true,"_links":{"self":[{"href":"https:\/\/nicolaskalogeropoulos.com\/wordpress\/wp-json\/wp\/v2\/pages\/2462"}],"collection":[{"href":"https:\/\/nicolaskalogeropoulos.com\/wordpress\/wp-json\/wp\/v2\/pages"}],"about":[{"href":"https:\/\/nicolaskalogeropoulos.com\/wordpress\/wp-json\/wp\/v2\/types\/page"}],"author":[{"embeddable":true,"href":"https:\/\/nicolaskalogeropoulos.com\/wordpress\/wp-json\/wp\/v2\/users\/1"}],"replies":[{"embeddable":true,"href":"https:\/\/nicolaskalogeropoulos.com\/wordpress\/wp-json\/wp\/v2\/comments?post=2462"}],"version-history":[{"count":1,"href":"https:\/\/nicolaskalogeropoulos.com\/wordpress\/wp-json\/wp\/v2\/pages\/2462\/revisions"}],"predecessor-version":[{"id":3208,"href":"https:\/\/nicolaskalogeropoulos.com\/wordpress\/wp-json\/wp\/v2\/pages\/2462\/revisions\/3208"}],"wp:attachment":[{"href":"https:\/\/nicolaskalogeropoulos.com\/wordpress\/wp-json\/wp\/v2\/media?parent=2462"}],"curies":[{"name":"wp","href":"https:\/\/api.w.org\/{rel}","templated":true}]}}