{"id":2491,"date":"2018-07-26T16:50:18","date_gmt":"2018-07-26T16:50:18","guid":{"rendered":"https:\/\/nicolaskalogeropoulos.com\/nouveau_site\/?page_id=2491"},"modified":"2020-06-11T08:59:42","modified_gmt":"2020-06-11T08:59:42","slug":"packshot","status":"publish","type":"page","link":"https:\/\/nicolaskalogeropoulos.com\/wordpress\/packshot\/","title":{"rendered":"Photographe Packshot Paris"},"content":{"rendered":"<h1>Pourquoi faire appel \u00e0 un photographe packshot <span style=\"color: #ffffff;\">paris<\/span> ?<\/h1>\n<p>La photo packshot ou photo de produits consiste \u00e0 prendre en photo un objet sur fond blanc, ou sur fond neutre puis le d\u00e9tourer pour le mettre sur un fond r\u00e9ellement blanc. La destination finale de ce genre d&rsquo;images est multiple, mais en g\u00e9n\u00e9ral c&rsquo;est<img decoding=\"async\" class=\"lazyload alignright wp-image-2493 size-medium\" src=\"https:\/\/nicolaskalogeropoulos.com\/wordpress\/wp-content\/uploads\/2018\/07\/DSC_7555-201x300.jpg\" data-orig-src=\"https:\/\/nicolaskalogeropoulos.com\/wordpress\/wp-content\/uploads\/2018\/07\/DSC_7555-201x300.jpg\" alt=\"\" width=\"201\" height=\"300\" srcset=\"data:image\/svg+xml,%3Csvg%20xmlns%3D%27http%3A%2F%2Fwww.w3.org%2F2000%2Fsvg%27%20width%3D%27201%27%20height%3D%27300%27%20viewBox%3D%270%200%20201%20300%27%3E%3Crect%20width%3D%27201%27%20height%3D%27300%27%20fill-opacity%3D%220%22%2F%3E%3C%2Fsvg%3E\" data-srcset=\"https:\/\/nicolaskalogeropoulos.com\/wordpress\/wp-content\/uploads\/2018\/07\/DSC_7555-11x16.jpg 11w, https:\/\/nicolaskalogeropoulos.com\/wordpress\/wp-content\/uploads\/2018\/07\/DSC_7555-16x24.jpg 16w, https:\/\/nicolaskalogeropoulos.com\/wordpress\/wp-content\/uploads\/2018\/07\/DSC_7555-24x36.jpg 24w, https:\/\/nicolaskalogeropoulos.com\/wordpress\/wp-content\/uploads\/2018\/07\/DSC_7555-32x48.jpg 32w, https:\/\/nicolaskalogeropoulos.com\/wordpress\/wp-content\/uploads\/2018\/07\/DSC_7555-200x299.jpg 200w, https:\/\/nicolaskalogeropoulos.com\/wordpress\/wp-content\/uploads\/2018\/07\/DSC_7555-201x300.jpg 201w, https:\/\/nicolaskalogeropoulos.com\/wordpress\/wp-content\/uploads\/2018\/07\/DSC_7555.jpg 243w\" data-sizes=\"auto\" data-orig-sizes=\"(max-width: 201px) 100vw, 201px\" \/> pour un catalogue, un site internet, etc.<\/p>\n<p>On trouve sur internet des kits en forme de boites qui permettent soi-disant de r\u00e9aliser soi-m\u00eame facilement des photographies packshots. Ces \u00e9quipements sont assez on\u00e9reux, et le r\u00e9sultat laisse vraiment \u00e0 d\u00e9sirer. Ils ne permettent pas de r\u00e9ellement se soustraire aux connaissances photographiques de base et \u00e0 la post production sous Photoshop. En clair, ils ne r\u00e9pondent pas n\u00e9cessairement \u00e0 votre cahier des charges.<\/p>\n<p>Vous l&rsquo;aurez compris, je vous sugg\u00e8re plut\u00f4t de faire appel \u00e0 un photographe professionnel sp\u00e9cialis\u00e9 dans la photo de produits tel que moi !<\/p>\n<p>Ma force, c&rsquo;est de venir avec mon studio photo mobile afin de r\u00e9aliser le packshot de votre produit directement dans vos locaux. Avec un vrai contr\u00f4le de la lumi\u00e8re, m\u00eame les mati\u00e8res complexes comme le verre ou le plastique transparent ne posent pas de probl\u00e8me. Je peux m&rsquo;adapter \u00e0 votre projet.<\/p>\n<p>Enfin, comme je maitrise Photoshop depuis 20 ans, je sais comment optimiser les images, les d\u00e9tourer, et les mettre sur un fond parfaitement blanc.<\/p>\n<h2>Packshot, lifestyle et mise en sc\u00e8ne<\/h2>\n<p>Pour vendre sur internet, il faut aussi faire de la mise en sc\u00e8ne du produit pour montrer les situations d&rsquo;usage. Je vous propose \u00e9galement de r\u00e9aliser ce genre d&rsquo;images, soit directement chez moi, soit en studio, soit encore dans vos locaux. Tout est possible ! La pr\u00e9sence d&rsquo;un mod\u00e8le est parfois n\u00e9cessaire, et je peux \u00e9galement fournir une personne qui pourrait correspondre \u00e0 vos besoins.<\/p>\n<p>On peut aussi ajouter \u00e0 ces photos un montage avec des infographies pour donner plus d&rsquo;infos, ou un montage avec les diff\u00e9rentes pi\u00e8ces de l&rsquo;objet \u00e0 vendre. Bref, tout est possible !<\/p>\n<p>Alors pour vos packshots, n&rsquo;h\u00e9sitez pas \u00e0 me faire confiance et <a href=\"https:\/\/nicolaskalogeropoulos.com\/wordpress\/contact-3\/\">contactez-moi sans tarder<\/a> !<\/p>\n\n\t\t<style type=\"text\/css\">\n\t\t\t#gallery-1 {\n\t\t\t\tmargin: auto;\n\t\t\t}\n\t\t\t#gallery-1 .gallery-item {\n\t\t\t\tfloat: left;\n\t\t\t\tmargin-top: 10px;\n\t\t\t\ttext-align: center;\n\t\t\t\twidth: 33%;\n\t\t\t}\n\t\t\t#gallery-1 img {\n\t\t\t\tborder: 2px solid #cfcfcf;\n\t\t\t}\n\t\t\t#gallery-1 .gallery-caption {\n\t\t\t\tmargin-left: 0;\n\t\t\t}\n\t\t\t\/* see gallery_shortcode() in wp-includes\/media.php *\/\n\t\t<\/style>\n\t\t<div id='gallery-1' class='gallery galleryid-2491 gallery-columns-3 gallery-size-medium'><dl class='gallery-item'>\n\t\t\t<dt class='gallery-icon landscape'>\n\t\t\t\t<img decoding=\"async\" width=\"300\" height=\"200\" src=\"https:\/\/nicolaskalogeropoulos.com\/wordpress\/wp-content\/uploads\/2018\/07\/DSC_6812-300x200.jpg\" class=\"attachment-medium size-medium lazyload\" alt=\"\" aria-describedby=\"gallery-1-2498\" srcset=\"data:image\/svg+xml,%3Csvg%20xmlns%3D%27http%3A%2F%2Fwww.w3.org%2F2000%2Fsvg%27%20width%3D%27602%27%20height%3D%27402%27%20viewBox%3D%270%200%20602%20402%27%3E%3Crect%20width%3D%27602%27%20height%3D%27402%27%20fill-opacity%3D%220%22%2F%3E%3C%2Fsvg%3E\" data-orig-src=\"https:\/\/nicolaskalogeropoulos.com\/wordpress\/wp-content\/uploads\/2018\/07\/DSC_6812-300x200.jpg\" data-srcset=\"https:\/\/nicolaskalogeropoulos.com\/wordpress\/wp-content\/uploads\/2018\/07\/DSC_6812-24x16.jpg 24w, https:\/\/nicolaskalogeropoulos.com\/wordpress\/wp-content\/uploads\/2018\/07\/DSC_6812-25x16.jpg 25w, https:\/\/nicolaskalogeropoulos.com\/wordpress\/wp-content\/uploads\/2018\/07\/DSC_6812-36x24.jpg 36w, https:\/\/nicolaskalogeropoulos.com\/wordpress\/wp-content\/uploads\/2018\/07\/DSC_6812-48x32.jpg 48w, https:\/\/nicolaskalogeropoulos.com\/wordpress\/wp-content\/uploads\/2018\/07\/DSC_6812-200x134.jpg 200w, https:\/\/nicolaskalogeropoulos.com\/wordpress\/wp-content\/uploads\/2018\/07\/DSC_6812-300x200.jpg 300w, https:\/\/nicolaskalogeropoulos.com\/wordpress\/wp-content\/uploads\/2018\/07\/DSC_6812-400x267.jpg 400w, https:\/\/nicolaskalogeropoulos.com\/wordpress\/wp-content\/uploads\/2018\/07\/DSC_6812-600x401.jpg 600w, https:\/\/nicolaskalogeropoulos.com\/wordpress\/wp-content\/uploads\/2018\/07\/DSC_6812.jpg 602w\" data-sizes=\"auto\" \/>\n\t\t\t<\/dt>\n\t\t\t\t<dd class='wp-caption-text gallery-caption' id='gallery-1-2498'>\n\t\t\t\tD\u00e9tail d&rsquo;un produit sur fond blanc\n\t\t\t\t<\/dd><\/dl><dl class='gallery-item'>\n\t\t\t<dt class='gallery-icon landscape'>\n\t\t\t\t<img decoding=\"async\" width=\"300\" height=\"200\" src=\"https:\/\/nicolaskalogeropoulos.com\/wordpress\/wp-content\/uploads\/2018\/07\/DSC_6820-300x200.jpg\" class=\"attachment-medium size-medium lazyload\" alt=\"\" aria-describedby=\"gallery-1-2499\" srcset=\"data:image\/svg+xml,%3Csvg%20xmlns%3D%27http%3A%2F%2Fwww.w3.org%2F2000%2Fsvg%27%20width%3D%27602%27%20height%3D%27402%27%20viewBox%3D%270%200%20602%20402%27%3E%3Crect%20width%3D%27602%27%20height%3D%27402%27%20fill-opacity%3D%220%22%2F%3E%3C%2Fsvg%3E\" data-orig-src=\"https:\/\/nicolaskalogeropoulos.com\/wordpress\/wp-content\/uploads\/2018\/07\/DSC_6820-300x200.jpg\" data-srcset=\"https:\/\/nicolaskalogeropoulos.com\/wordpress\/wp-content\/uploads\/2018\/07\/DSC_6820-24x16.jpg 24w, https:\/\/nicolaskalogeropoulos.com\/wordpress\/wp-content\/uploads\/2018\/07\/DSC_6820-25x16.jpg 25w, https:\/\/nicolaskalogeropoulos.com\/wordpress\/wp-content\/uploads\/2018\/07\/DSC_6820-36x24.jpg 36w, https:\/\/nicolaskalogeropoulos.com\/wordpress\/wp-content\/uploads\/2018\/07\/DSC_6820-48x32.jpg 48w, https:\/\/nicolaskalogeropoulos.com\/wordpress\/wp-content\/uploads\/2018\/07\/DSC_6820-200x134.jpg 200w, https:\/\/nicolaskalogeropoulos.com\/wordpress\/wp-content\/uploads\/2018\/07\/DSC_6820-300x200.jpg 300w, https:\/\/nicolaskalogeropoulos.com\/wordpress\/wp-content\/uploads\/2018\/07\/DSC_6820-400x267.jpg 400w, https:\/\/nicolaskalogeropoulos.com\/wordpress\/wp-content\/uploads\/2018\/07\/DSC_6820-600x401.jpg 600w, https:\/\/nicolaskalogeropoulos.com\/wordpress\/wp-content\/uploads\/2018\/07\/DSC_6820.jpg 602w\" data-sizes=\"auto\" \/>\n\t\t\t<\/dt>\n\t\t\t\t<dd class='wp-caption-text gallery-caption' id='gallery-1-2499'>\n\t\t\t\tPhoto de lot en grande quantit\u00e9 &#8211; packhot\n\t\t\t\t<\/dd><\/dl><dl class='gallery-item'>\n\t\t\t<dt class='gallery-icon portrait'>\n\t\t\t\t<img decoding=\"async\" width=\"200\" height=\"300\" src=\"https:\/\/nicolaskalogeropoulos.com\/wordpress\/wp-content\/uploads\/2018\/07\/DSC_9003-200x300.jpg\" class=\"attachment-medium size-medium lazyload\" alt=\"\" aria-describedby=\"gallery-1-2494\" srcset=\"data:image\/svg+xml,%3Csvg%20xmlns%3D%27http%3A%2F%2Fwww.w3.org%2F2000%2Fsvg%27%20width%3D%27201%27%20height%3D%27301%27%20viewBox%3D%270%200%20201%20301%27%3E%3Crect%20width%3D%27201%27%20height%3D%27301%27%20fill-opacity%3D%220%22%2F%3E%3C%2Fsvg%3E\" data-orig-src=\"https:\/\/nicolaskalogeropoulos.com\/wordpress\/wp-content\/uploads\/2018\/07\/DSC_9003-200x300.jpg\" data-srcset=\"https:\/\/nicolaskalogeropoulos.com\/wordpress\/wp-content\/uploads\/2018\/07\/DSC_9003-11x16.jpg 11w, https:\/\/nicolaskalogeropoulos.com\/wordpress\/wp-content\/uploads\/2018\/07\/DSC_9003-16x24.jpg 16w, https:\/\/nicolaskalogeropoulos.com\/wordpress\/wp-content\/uploads\/2018\/07\/DSC_9003-24x36.jpg 24w, https:\/\/nicolaskalogeropoulos.com\/wordpress\/wp-content\/uploads\/2018\/07\/DSC_9003-32x48.jpg 32w, https:\/\/nicolaskalogeropoulos.com\/wordpress\/wp-content\/uploads\/2018\/07\/DSC_9003-200x300.jpg 200w, https:\/\/nicolaskalogeropoulos.com\/wordpress\/wp-content\/uploads\/2018\/07\/DSC_9003.jpg 201w\" data-sizes=\"auto\" \/>\n\t\t\t<\/dt>\n\t\t\t\t<dd class='wp-caption-text gallery-caption' id='gallery-1-2494'>\n\t\t\t\tExemple d&rsquo;utilisation d&rsquo;un produit\n\t\t\t\t<\/dd><\/dl><br style=\"clear: both\" \/><dl class='gallery-item'>\n\t\t\t<dt class='gallery-icon portrait'>\n\t\t\t\t<img decoding=\"async\" width=\"200\" height=\"300\" src=\"https:\/\/nicolaskalogeropoulos.com\/wordpress\/wp-content\/uploads\/2018\/07\/DSC_0733-200x300.jpg\" class=\"attachment-medium size-medium lazyload\" alt=\"\" aria-describedby=\"gallery-1-2495\" srcset=\"data:image\/svg+xml,%3Csvg%20xmlns%3D%27http%3A%2F%2Fwww.w3.org%2F2000%2Fsvg%27%20width%3D%27251%27%20height%3D%27376%27%20viewBox%3D%270%200%20251%20376%27%3E%3Crect%20width%3D%27251%27%20height%3D%27376%27%20fill-opacity%3D%220%22%2F%3E%3C%2Fsvg%3E\" data-orig-src=\"https:\/\/nicolaskalogeropoulos.com\/wordpress\/wp-content\/uploads\/2018\/07\/DSC_0733-200x300.jpg\" data-srcset=\"https:\/\/nicolaskalogeropoulos.com\/wordpress\/wp-content\/uploads\/2018\/07\/DSC_0733-11x16.jpg 11w, https:\/\/nicolaskalogeropoulos.com\/wordpress\/wp-content\/uploads\/2018\/07\/DSC_0733-16x24.jpg 16w, https:\/\/nicolaskalogeropoulos.com\/wordpress\/wp-content\/uploads\/2018\/07\/DSC_0733-24x36.jpg 24w, https:\/\/nicolaskalogeropoulos.com\/wordpress\/wp-content\/uploads\/2018\/07\/DSC_0733-32x48.jpg 32w, https:\/\/nicolaskalogeropoulos.com\/wordpress\/wp-content\/uploads\/2018\/07\/DSC_0733-200x300.jpg 200w, https:\/\/nicolaskalogeropoulos.com\/wordpress\/wp-content\/uploads\/2018\/07\/DSC_0733.jpg 251w\" data-sizes=\"auto\" \/>\n\t\t\t<\/dt>\n\t\t\t\t<dd class='wp-caption-text gallery-caption' id='gallery-1-2495'>\n\t\t\t\tPackshot simple de bijoux sur fond noir\n\t\t\t\t<\/dd><\/dl><dl class='gallery-item'>\n\t\t\t<dt class='gallery-icon portrait'>\n\t\t\t\t<img decoding=\"async\" width=\"200\" height=\"300\" src=\"https:\/\/nicolaskalogeropoulos.com\/wordpress\/wp-content\/uploads\/2018\/07\/DSC_0796-Modifier-v2-200x300.jpg\" class=\"attachment-medium size-medium lazyload\" alt=\"\" aria-describedby=\"gallery-1-2496\" srcset=\"data:image\/svg+xml,%3Csvg%20xmlns%3D%27http%3A%2F%2Fwww.w3.org%2F2000%2Fsvg%27%20width%3D%27233%27%20height%3D%27349%27%20viewBox%3D%270%200%20233%20349%27%3E%3Crect%20width%3D%27233%27%20height%3D%27349%27%20fill-opacity%3D%220%22%2F%3E%3C%2Fsvg%3E\" data-orig-src=\"https:\/\/nicolaskalogeropoulos.com\/wordpress\/wp-content\/uploads\/2018\/07\/DSC_0796-Modifier-v2-200x300.jpg\" data-srcset=\"https:\/\/nicolaskalogeropoulos.com\/wordpress\/wp-content\/uploads\/2018\/07\/DSC_0796-Modifier-v2-11x16.jpg 11w, https:\/\/nicolaskalogeropoulos.com\/wordpress\/wp-content\/uploads\/2018\/07\/DSC_0796-Modifier-v2-16x24.jpg 16w, https:\/\/nicolaskalogeropoulos.com\/wordpress\/wp-content\/uploads\/2018\/07\/DSC_0796-Modifier-v2-24x36.jpg 24w, https:\/\/nicolaskalogeropoulos.com\/wordpress\/wp-content\/uploads\/2018\/07\/DSC_0796-Modifier-v2-32x48.jpg 32w, https:\/\/nicolaskalogeropoulos.com\/wordpress\/wp-content\/uploads\/2018\/07\/DSC_0796-Modifier-v2-200x300.jpg 200w, https:\/\/nicolaskalogeropoulos.com\/wordpress\/wp-content\/uploads\/2018\/07\/DSC_0796-Modifier-v2.jpg 233w\" data-sizes=\"auto\" \/>\n\t\t\t<\/dt>\n\t\t\t\t<dd class='wp-caption-text gallery-caption' id='gallery-1-2496'>\n\t\t\t\tpackshot \u00e9labor\u00e9 avec mise en sc\u00e8ne de bijoux sur fond noir\n\t\t\t\t<\/dd><\/dl><dl class='gallery-item'>\n\t\t\t<dt class='gallery-icon landscape'>\n\t\t\t\t<img decoding=\"async\" width=\"300\" height=\"200\" src=\"https:\/\/nicolaskalogeropoulos.com\/wordpress\/wp-content\/uploads\/2018\/07\/DSC_0830-Modifier-300x200.jpg\" class=\"attachment-medium size-medium lazyload\" alt=\"\" aria-describedby=\"gallery-1-2497\" srcset=\"data:image\/svg+xml,%3Csvg%20xmlns%3D%27http%3A%2F%2Fwww.w3.org%2F2000%2Fsvg%27%20width%3D%27376%27%20height%3D%27251%27%20viewBox%3D%270%200%20376%20251%27%3E%3Crect%20width%3D%27376%27%20height%3D%27251%27%20fill-opacity%3D%220%22%2F%3E%3C%2Fsvg%3E\" data-orig-src=\"https:\/\/nicolaskalogeropoulos.com\/wordpress\/wp-content\/uploads\/2018\/07\/DSC_0830-Modifier-300x200.jpg\" data-srcset=\"https:\/\/nicolaskalogeropoulos.com\/wordpress\/wp-content\/uploads\/2018\/07\/DSC_0830-Modifier-24x16.jpg 24w, https:\/\/nicolaskalogeropoulos.com\/wordpress\/wp-content\/uploads\/2018\/07\/DSC_0830-Modifier-25x16.jpg 25w, https:\/\/nicolaskalogeropoulos.com\/wordpress\/wp-content\/uploads\/2018\/07\/DSC_0830-Modifier-36x24.jpg 36w, https:\/\/nicolaskalogeropoulos.com\/wordpress\/wp-content\/uploads\/2018\/07\/DSC_0830-Modifier-48x32.jpg 48w, https:\/\/nicolaskalogeropoulos.com\/wordpress\/wp-content\/uploads\/2018\/07\/DSC_0830-Modifier-200x134.jpg 200w, https:\/\/nicolaskalogeropoulos.com\/wordpress\/wp-content\/uploads\/2018\/07\/DSC_0830-Modifier-300x200.jpg 300w, https:\/\/nicolaskalogeropoulos.com\/wordpress\/wp-content\/uploads\/2018\/07\/DSC_0830-Modifier.jpg 376w\" data-sizes=\"auto\" \/>\n\t\t\t<\/dt>\n\t\t\t\t<dd class='wp-caption-text gallery-caption' id='gallery-1-2497'>\n\t\t\t\tPackshot simple de bijoux sur fond noir\n\t\t\t\t<\/dd><\/dl><br style=\"clear: both\" \/><dl class='gallery-item'>\n\t\t\t<dt class='gallery-icon portrait'>\n\t\t\t\t<img decoding=\"async\" width=\"200\" height=\"300\" src=\"https:\/\/nicolaskalogeropoulos.com\/wordpress\/wp-content\/uploads\/2018\/07\/DSC_7641-200x300.jpg\" class=\"attachment-medium size-medium lazyload\" alt=\"\" aria-describedby=\"gallery-1-2500\" srcset=\"data:image\/svg+xml,%3Csvg%20xmlns%3D%27http%3A%2F%2Fwww.w3.org%2F2000%2Fsvg%27%20width%3D%27251%27%20height%3D%27376%27%20viewBox%3D%270%200%20251%20376%27%3E%3Crect%20width%3D%27251%27%20height%3D%27376%27%20fill-opacity%3D%220%22%2F%3E%3C%2Fsvg%3E\" data-orig-src=\"https:\/\/nicolaskalogeropoulos.com\/wordpress\/wp-content\/uploads\/2018\/07\/DSC_7641-200x300.jpg\" data-srcset=\"https:\/\/nicolaskalogeropoulos.com\/wordpress\/wp-content\/uploads\/2018\/07\/DSC_7641-11x16.jpg 11w, https:\/\/nicolaskalogeropoulos.com\/wordpress\/wp-content\/uploads\/2018\/07\/DSC_7641-16x24.jpg 16w, https:\/\/nicolaskalogeropoulos.com\/wordpress\/wp-content\/uploads\/2018\/07\/DSC_7641-24x36.jpg 24w, https:\/\/nicolaskalogeropoulos.com\/wordpress\/wp-content\/uploads\/2018\/07\/DSC_7641-32x48.jpg 32w, https:\/\/nicolaskalogeropoulos.com\/wordpress\/wp-content\/uploads\/2018\/07\/DSC_7641-200x300.jpg 200w, https:\/\/nicolaskalogeropoulos.com\/wordpress\/wp-content\/uploads\/2018\/07\/DSC_7641.jpg 251w\" data-sizes=\"auto\" \/>\n\t\t\t<\/dt>\n\t\t\t\t<dd class='wp-caption-text gallery-caption' id='gallery-1-2500'>\n\t\t\t\tPackshot de produits transparents sur fond blanc\n\t\t\t\t<\/dd><\/dl>\n\t\t\t<br style='clear: both' \/>\n\t\t<\/div>\n\n<p>&nbsp;<\/p>\n<p>&nbsp;<\/p>\n","protected":false},"excerpt":{"rendered":"<p>Pourquoi faire appel \u00e0 un photographe packshot paris ? La [&hellip;]<\/p>\n","protected":false},"author":1,"featured_media":0,"parent":0,"menu_order":0,"comment_status":"closed","ping_status":"closed","template":"","meta":{"om_disable_all_campaigns":false,"footnotes":""},"class_list":["post-2491","page","type-page","status-publish","hentry"],"yoast_head":"<!-- This site is optimized with the Yoast SEO plugin v23.4 - https:\/\/yoast.com\/wordpress\/plugins\/seo\/ -->\n<title>Photographe Packshot Paris -<\/title>\n<meta name=\"robots\" content=\"index, follow, max-snippet:-1, max-image-preview:large, max-video-preview:-1\" \/>\n<link rel=\"canonical\" href=\"https:\/\/nicolaskalogeropoulos.com\/wordpress\/packshot\/\" \/>\n<meta property=\"og:locale\" content=\"fr_FR\" \/>\n<meta property=\"og:type\" content=\"article\" \/>\n<meta property=\"og:title\" content=\"Photographe Packshot Paris -\" \/>\n<meta property=\"og:description\" content=\"Pourquoi faire appel \u00e0 un photographe packshot paris ? La [&hellip;]\" \/>\n<meta property=\"og:url\" content=\"https:\/\/nicolaskalogeropoulos.com\/wordpress\/packshot\/\" \/>\n<meta property=\"og:site_name\" content=\"PHOTOGRAPHE CORPORATE PARIS\" \/>\n<meta property=\"article:publisher\" content=\"https:\/\/www.facebook.com\/NicoKaloPhotographe\/\" \/>\n<meta property=\"article:modified_time\" content=\"2020-06-11T08:59:42+00:00\" \/>\n<meta property=\"og:image\" content=\"https:\/\/nicolaskalogeropoulos.com\/wordpress\/wp-content\/uploads\/2018\/07\/DSC_6812-300x200.jpg\" \/>\n<meta name=\"twitter:card\" content=\"summary_large_image\" \/>\n<meta name=\"twitter:site\" content=\"@papaestungeek\" \/>\n<meta name=\"twitter:label1\" content=\"Dur\u00e9e de lecture estim\u00e9e\" \/>\n\t<meta name=\"twitter:data1\" content=\"2 minutes\" \/>\n<script type=\"application\/ld+json\" class=\"yoast-schema-graph\">{\"@context\":\"https:\/\/schema.org\",\"@graph\":[{\"@type\":\"WebPage\",\"@id\":\"https:\/\/nicolaskalogeropoulos.com\/wordpress\/packshot\/\",\"url\":\"https:\/\/nicolaskalogeropoulos.com\/wordpress\/packshot\/\",\"name\":\"Photographe Packshot Paris -\",\"isPartOf\":{\"@id\":\"https:\/\/nicolaskalogeropoulos.com\/wordpress\/#website\"},\"primaryImageOfPage\":{\"@id\":\"https:\/\/nicolaskalogeropoulos.com\/wordpress\/packshot\/#primaryimage\"},\"image\":{\"@id\":\"https:\/\/nicolaskalogeropoulos.com\/wordpress\/packshot\/#primaryimage\"},\"thumbnailUrl\":\"https:\/\/nicolaskalogeropoulos.com\/wordpress\/wp-content\/uploads\/2018\/07\/DSC_7555-201x300.jpg\",\"datePublished\":\"2018-07-26T16:50:18+00:00\",\"dateModified\":\"2020-06-11T08:59:42+00:00\",\"breadcrumb\":{\"@id\":\"https:\/\/nicolaskalogeropoulos.com\/wordpress\/packshot\/#breadcrumb\"},\"inLanguage\":\"fr-FR\",\"potentialAction\":[{\"@type\":\"ReadAction\",\"target\":[\"https:\/\/nicolaskalogeropoulos.com\/wordpress\/packshot\/\"]}]},{\"@type\":\"ImageObject\",\"inLanguage\":\"fr-FR\",\"@id\":\"https:\/\/nicolaskalogeropoulos.com\/wordpress\/packshot\/#primaryimage\",\"url\":\"https:\/\/nicolaskalogeropoulos.com\/wordpress\/wp-content\/uploads\/2018\/07\/DSC_7555.jpg\",\"contentUrl\":\"https:\/\/nicolaskalogeropoulos.com\/wordpress\/wp-content\/uploads\/2018\/07\/DSC_7555.jpg\",\"width\":243,\"height\":363},{\"@type\":\"BreadcrumbList\",\"@id\":\"https:\/\/nicolaskalogeropoulos.com\/wordpress\/packshot\/#breadcrumb\",\"itemListElement\":[{\"@type\":\"ListItem\",\"position\":1,\"name\":\"Accueil\",\"item\":\"https:\/\/nicolaskalogeropoulos.com\/wordpress\/\"},{\"@type\":\"ListItem\",\"position\":2,\"name\":\"Photographe Packshot Paris\"}]},{\"@type\":\"WebSite\",\"@id\":\"https:\/\/nicolaskalogeropoulos.com\/wordpress\/#website\",\"url\":\"https:\/\/nicolaskalogeropoulos.com\/wordpress\/\",\"name\":\"PHOTOGRAPHE CORPORATE PARIS\",\"description\":\"Nicolas Kalogeropoulos est un photographe freelance bas\u00e9 \u00e0 Paris, sp\u00e9cialis\u00e9 dans les photos pour les entreprises, portraits, reportages \u00e9v\u00e9nementiels, photo culinaire, etc.\",\"publisher\":{\"@id\":\"https:\/\/nicolaskalogeropoulos.com\/wordpress\/#organization\"},\"potentialAction\":[{\"@type\":\"SearchAction\",\"target\":{\"@type\":\"EntryPoint\",\"urlTemplate\":\"https:\/\/nicolaskalogeropoulos.com\/wordpress\/?s={search_term_string}\"},\"query-input\":{\"@type\":\"PropertyValueSpecification\",\"valueRequired\":true,\"valueName\":\"search_term_string\"}}],\"inLanguage\":\"fr-FR\"},{\"@type\":\"Organization\",\"@id\":\"https:\/\/nicolaskalogeropoulos.com\/wordpress\/#organization\",\"name\":\"Nicolas Kalogeropoulos Photographe Corporate\",\"url\":\"https:\/\/nicolaskalogeropoulos.com\/wordpress\/\",\"logo\":{\"@type\":\"ImageObject\",\"inLanguage\":\"fr-FR\",\"@id\":\"https:\/\/nicolaskalogeropoulos.com\/wordpress\/#\/schema\/logo\/image\/\",\"url\":\"https:\/\/nicolaskalogeropoulos.com\/wordpress\/wp-content\/uploads\/2015\/02\/logo2.png\",\"contentUrl\":\"https:\/\/nicolaskalogeropoulos.com\/wordpress\/wp-content\/uploads\/2015\/02\/logo2.png\",\"width\":145,\"height\":45,\"caption\":\"Nicolas Kalogeropoulos Photographe Corporate\"},\"image\":{\"@id\":\"https:\/\/nicolaskalogeropoulos.com\/wordpress\/#\/schema\/logo\/image\/\"},\"sameAs\":[\"https:\/\/www.facebook.com\/NicoKaloPhotographe\/\",\"https:\/\/x.com\/papaestungeek\",\"https:\/\/www.instagram.com\/nico_kalo\/\",\"https:\/\/www.linkedin.com\/in\/nicolas-kalogeropoulos-a95ba415\"]}]}<\/script>\n<!-- \/ Yoast SEO plugin. -->","yoast_head_json":{"title":"Photographe Packshot Paris -","robots":{"index":"index","follow":"follow","max-snippet":"max-snippet:-1","max-image-preview":"max-image-preview:large","max-video-preview":"max-video-preview:-1"},"canonical":"https:\/\/nicolaskalogeropoulos.com\/wordpress\/packshot\/","og_locale":"fr_FR","og_type":"article","og_title":"Photographe Packshot Paris -","og_description":"Pourquoi faire appel \u00e0 un photographe packshot paris ? La [&hellip;]","og_url":"https:\/\/nicolaskalogeropoulos.com\/wordpress\/packshot\/","og_site_name":"PHOTOGRAPHE CORPORATE PARIS","article_publisher":"https:\/\/www.facebook.com\/NicoKaloPhotographe\/","article_modified_time":"2020-06-11T08:59:42+00:00","og_image":[{"url":"https:\/\/nicolaskalogeropoulos.com\/wordpress\/wp-content\/uploads\/2018\/07\/DSC_6812-300x200.jpg"}],"twitter_card":"summary_large_image","twitter_site":"@papaestungeek","twitter_misc":{"Dur\u00e9e de lecture estim\u00e9e":"2 minutes"},"schema":{"@context":"https:\/\/schema.org","@graph":[{"@type":"WebPage","@id":"https:\/\/nicolaskalogeropoulos.com\/wordpress\/packshot\/","url":"https:\/\/nicolaskalogeropoulos.com\/wordpress\/packshot\/","name":"Photographe Packshot Paris -","isPartOf":{"@id":"https:\/\/nicolaskalogeropoulos.com\/wordpress\/#website"},"primaryImageOfPage":{"@id":"https:\/\/nicolaskalogeropoulos.com\/wordpress\/packshot\/#primaryimage"},"image":{"@id":"https:\/\/nicolaskalogeropoulos.com\/wordpress\/packshot\/#primaryimage"},"thumbnailUrl":"https:\/\/nicolaskalogeropoulos.com\/wordpress\/wp-content\/uploads\/2018\/07\/DSC_7555-201x300.jpg","datePublished":"2018-07-26T16:50:18+00:00","dateModified":"2020-06-11T08:59:42+00:00","breadcrumb":{"@id":"https:\/\/nicolaskalogeropoulos.com\/wordpress\/packshot\/#breadcrumb"},"inLanguage":"fr-FR","potentialAction":[{"@type":"ReadAction","target":["https:\/\/nicolaskalogeropoulos.com\/wordpress\/packshot\/"]}]},{"@type":"ImageObject","inLanguage":"fr-FR","@id":"https:\/\/nicolaskalogeropoulos.com\/wordpress\/packshot\/#primaryimage","url":"https:\/\/nicolaskalogeropoulos.com\/wordpress\/wp-content\/uploads\/2018\/07\/DSC_7555.jpg","contentUrl":"https:\/\/nicolaskalogeropoulos.com\/wordpress\/wp-content\/uploads\/2018\/07\/DSC_7555.jpg","width":243,"height":363},{"@type":"BreadcrumbList","@id":"https:\/\/nicolaskalogeropoulos.com\/wordpress\/packshot\/#breadcrumb","itemListElement":[{"@type":"ListItem","position":1,"name":"Accueil","item":"https:\/\/nicolaskalogeropoulos.com\/wordpress\/"},{"@type":"ListItem","position":2,"name":"Photographe Packshot Paris"}]},{"@type":"WebSite","@id":"https:\/\/nicolaskalogeropoulos.com\/wordpress\/#website","url":"https:\/\/nicolaskalogeropoulos.com\/wordpress\/","name":"PHOTOGRAPHE CORPORATE PARIS","description":"Nicolas Kalogeropoulos est un photographe freelance bas\u00e9 \u00e0 Paris, sp\u00e9cialis\u00e9 dans les photos pour les entreprises, portraits, reportages \u00e9v\u00e9nementiels, photo culinaire, etc.","publisher":{"@id":"https:\/\/nicolaskalogeropoulos.com\/wordpress\/#organization"},"potentialAction":[{"@type":"SearchAction","target":{"@type":"EntryPoint","urlTemplate":"https:\/\/nicolaskalogeropoulos.com\/wordpress\/?s={search_term_string}"},"query-input":{"@type":"PropertyValueSpecification","valueRequired":true,"valueName":"search_term_string"}}],"inLanguage":"fr-FR"},{"@type":"Organization","@id":"https:\/\/nicolaskalogeropoulos.com\/wordpress\/#organization","name":"Nicolas Kalogeropoulos Photographe Corporate","url":"https:\/\/nicolaskalogeropoulos.com\/wordpress\/","logo":{"@type":"ImageObject","inLanguage":"fr-FR","@id":"https:\/\/nicolaskalogeropoulos.com\/wordpress\/#\/schema\/logo\/image\/","url":"https:\/\/nicolaskalogeropoulos.com\/wordpress\/wp-content\/uploads\/2015\/02\/logo2.png","contentUrl":"https:\/\/nicolaskalogeropoulos.com\/wordpress\/wp-content\/uploads\/2015\/02\/logo2.png","width":145,"height":45,"caption":"Nicolas Kalogeropoulos Photographe Corporate"},"image":{"@id":"https:\/\/nicolaskalogeropoulos.com\/wordpress\/#\/schema\/logo\/image\/"},"sameAs":["https:\/\/www.facebook.com\/NicoKaloPhotographe\/","https:\/\/x.com\/papaestungeek","https:\/\/www.instagram.com\/nico_kalo\/","https:\/\/www.linkedin.com\/in\/nicolas-kalogeropoulos-a95ba415"]}]}},"amp_enabled":true,"_links":{"self":[{"href":"https:\/\/nicolaskalogeropoulos.com\/wordpress\/wp-json\/wp\/v2\/pages\/2491"}],"collection":[{"href":"https:\/\/nicolaskalogeropoulos.com\/wordpress\/wp-json\/wp\/v2\/pages"}],"about":[{"href":"https:\/\/nicolaskalogeropoulos.com\/wordpress\/wp-json\/wp\/v2\/types\/page"}],"author":[{"embeddable":true,"href":"https:\/\/nicolaskalogeropoulos.com\/wordpress\/wp-json\/wp\/v2\/users\/1"}],"replies":[{"embeddable":true,"href":"https:\/\/nicolaskalogeropoulos.com\/wordpress\/wp-json\/wp\/v2\/comments?post=2491"}],"version-history":[{"count":1,"href":"https:\/\/nicolaskalogeropoulos.com\/wordpress\/wp-json\/wp\/v2\/pages\/2491\/revisions"}],"predecessor-version":[{"id":3220,"href":"https:\/\/nicolaskalogeropoulos.com\/wordpress\/wp-json\/wp\/v2\/pages\/2491\/revisions\/3220"}],"wp:attachment":[{"href":"https:\/\/nicolaskalogeropoulos.com\/wordpress\/wp-json\/wp\/v2\/media?parent=2491"}],"curies":[{"name":"wp","href":"https:\/\/api.w.org\/{rel}","templated":true}]}}