{"id":2799,"date":"2020-06-09T16:43:59","date_gmt":"2020-06-09T16:43:59","guid":{"rendered":"http:\/\/nicolaskalogeropoulos.com\/wordpress\/?page_id=2799"},"modified":"2023-09-13T09:23:57","modified_gmt":"2023-09-13T09:23:57","slug":"professionnel-visites-virtuelles-a-paris","status":"publish","type":"page","link":"https:\/\/nicolaskalogeropoulos.com\/wordpress\/professionnel-visites-virtuelles-a-paris\/","title":{"rendered":"Professionnel visites virtuelles immobilier \u00e0 Paris"},"content":{"rendered":"<h1><strong>Visite virtuelle pour l&rsquo;immobilier : qu&rsquo;est ce que c&rsquo;est?<br \/>\n<\/strong><\/h1>\n<p>Vous en avez forc\u00e9ment entendu parler, depuis le confinement que nous avons tous connu \u00e0 cause du covid-19, les visites virtuelles sont devenues un sujet tr\u00e8s \u00e0 la mode. Mais, au fond, de quoi s&rsquo;agit-il ? Et \u00e0 qui s&rsquo;adressent-elles ?<a href=\"https:\/\/nicolaskalogeropoulos.com\/wordpress\/professionnel-visites-virtuelles-a-paris\/2020-06-06-22_50_07-space-detail\/\" rel=\"attachment wp-att-2654\"><img decoding=\"async\" class=\"lazyload alignright size-medium wp-image-2654\" src=\"https:\/\/nicolaskalogeropoulos.com\/wordpress\/wp-content\/uploads\/2020\/06\/2020-06-06-22_50_07-Space-Detail-300x195.png\" data-orig-src=\"https:\/\/nicolaskalogeropoulos.com\/wordpress\/wp-content\/uploads\/2020\/06\/2020-06-06-22_50_07-Space-Detail-300x195.png\" alt=\"\" width=\"300\" height=\"195\" srcset=\"data:image\/svg+xml,%3Csvg%20xmlns%3D%27http%3A%2F%2Fwww.w3.org%2F2000%2Fsvg%27%20width%3D%27300%27%20height%3D%27195%27%20viewBox%3D%270%200%20300%20195%27%3E%3Crect%20width%3D%27300%27%20height%3D%27195%27%20fill-opacity%3D%220%22%2F%3E%3C%2Fsvg%3E\" data-srcset=\"https:\/\/nicolaskalogeropoulos.com\/wordpress\/wp-content\/uploads\/2020\/06\/2020-06-06-22_50_07-Space-Detail-24x16.png 24w, https:\/\/nicolaskalogeropoulos.com\/wordpress\/wp-content\/uploads\/2020\/06\/2020-06-06-22_50_07-Space-Detail-36x23.png 36w, https:\/\/nicolaskalogeropoulos.com\/wordpress\/wp-content\/uploads\/2020\/06\/2020-06-06-22_50_07-Space-Detail-48x31.png 48w, https:\/\/nicolaskalogeropoulos.com\/wordpress\/wp-content\/uploads\/2020\/06\/2020-06-06-22_50_07-Space-Detail-200x130.png 200w, https:\/\/nicolaskalogeropoulos.com\/wordpress\/wp-content\/uploads\/2020\/06\/2020-06-06-22_50_07-Space-Detail-300x195.png 300w, https:\/\/nicolaskalogeropoulos.com\/wordpress\/wp-content\/uploads\/2020\/06\/2020-06-06-22_50_07-Space-Detail-400x260.png 400w, https:\/\/nicolaskalogeropoulos.com\/wordpress\/wp-content\/uploads\/2020\/06\/2020-06-06-22_50_07-Space-Detail.png 585w\" data-sizes=\"auto\" data-orig-sizes=\"(max-width: 300px) 100vw, 300px\" \/><\/a><\/p>\n<p>Une visite virtuelle 360 est la repr\u00e9sentation num\u00e9rique d&rsquo;un lieu physique existant. Cette copie num\u00e9rique, ou encore appel\u00e9e jumeau num\u00e9rique doit repr\u00e9senter fid\u00e8lement la r\u00e9alit\u00e9 et permettre une immersion parfaite.<\/p>\n<p>Ce n&rsquo;est ni une vid\u00e9o ni des photos qui s&rsquo;enchainent. Une visite virtuelle est interactive ! Le futur acqu\u00e9reur qui utilise une visite virtuelle n&rsquo;est pas passif, il peut se promener librement dans l&rsquo;espace num\u00e9ris\u00e9.<\/p>\n<p>D&rsquo;o\u00f9 l&rsquo;importance, au moment de sa r\u00e9alisation, d&rsquo;avoir en t\u00eate ce que l&rsquo;utilisateur voudra voir et faire comme parcours \u00e0 travers le bien.<\/p>\n<p>Une visite virtuelle bien r\u00e9alis\u00e9e doit permettre \u00e0 son utilisateur (futur acqu\u00e9reur ou locataire) d&rsquo;avoir la sensation qu&rsquo;il vienne r\u00e9ellement de visiter le bien, qu&rsquo;il ne reste aucune zone d&rsquo;ombre ou d&rsquo;interrogation sur les volumes ou les \u00e9quipements.<\/p>\n<h2><strong>Visite virtuelle Matterport : la technologie haut de gamme<\/strong><\/h2>\n<p><a href=\"https:\/\/nicolaskalogeropoulos.com\/wordpress\/professionnel-visites-virtuelles-a-paris\/matterport-service-partner-logo\/\" rel=\"attachment wp-att-2815\"><img decoding=\"async\" class=\"lazyload alignleft wp-image-2815\" src=\"https:\/\/nicolaskalogeropoulos.com\/wordpress\/wp-content\/uploads\/2020\/06\/Matterport-Service-Partner-Logo-300x263.png\" data-orig-src=\"https:\/\/nicolaskalogeropoulos.com\/wordpress\/wp-content\/uploads\/2020\/06\/Matterport-Service-Partner-Logo-300x263.png\" alt=\"\" width=\"206\" height=\"181\" srcset=\"data:image\/svg+xml,%3Csvg%20xmlns%3D%27http%3A%2F%2Fwww.w3.org%2F2000%2Fsvg%27%20width%3D%27206%27%20height%3D%27181%27%20viewBox%3D%270%200%20206%20181%27%3E%3Crect%20width%3D%27206%27%20height%3D%27181%27%20fill-opacity%3D%220%22%2F%3E%3C%2Fsvg%3E\" data-srcset=\"https:\/\/nicolaskalogeropoulos.com\/wordpress\/wp-content\/uploads\/2020\/06\/Matterport-Service-Partner-Logo-24x21.png 24w, https:\/\/nicolaskalogeropoulos.com\/wordpress\/wp-content\/uploads\/2020\/06\/Matterport-Service-Partner-Logo-36x32.png 36w, https:\/\/nicolaskalogeropoulos.com\/wordpress\/wp-content\/uploads\/2020\/06\/Matterport-Service-Partner-Logo-48x42.png 48w, https:\/\/nicolaskalogeropoulos.com\/wordpress\/wp-content\/uploads\/2020\/06\/Matterport-Service-Partner-Logo-200x175.png 200w, https:\/\/nicolaskalogeropoulos.com\/wordpress\/wp-content\/uploads\/2020\/06\/Matterport-Service-Partner-Logo-300x263.png 300w, https:\/\/nicolaskalogeropoulos.com\/wordpress\/wp-content\/uploads\/2020\/06\/Matterport-Service-Partner-Logo-400x350.png 400w, https:\/\/nicolaskalogeropoulos.com\/wordpress\/wp-content\/uploads\/2020\/06\/Matterport-Service-Partner-Logo-600x526.png 600w, https:\/\/nicolaskalogeropoulos.com\/wordpress\/wp-content\/uploads\/2020\/06\/Matterport-Service-Partner-Logo-768x673.png 768w, https:\/\/nicolaskalogeropoulos.com\/wordpress\/wp-content\/uploads\/2020\/06\/Matterport-Service-Partner-Logo-800x701.png 800w, https:\/\/nicolaskalogeropoulos.com\/wordpress\/wp-content\/uploads\/2020\/06\/Matterport-Service-Partner-Logo-1024x897.png 1024w, https:\/\/nicolaskalogeropoulos.com\/wordpress\/wp-content\/uploads\/2020\/06\/Matterport-Service-Partner-Logo.png 1080w\" data-sizes=\"auto\" data-orig-sizes=\"(max-width: 206px) 100vw, 206px\" \/><\/a>En tant que <a href=\"https:\/\/nicolaskalogeropoulos.com\/wordpress\/\">photographe corporate \u00e0 paris<\/a>, je poss\u00e8de un \u00e9quipement adapt\u00e9 et sp\u00e9cifique aux diff\u00e9rentes prises de vues que je suis amen\u00e9 \u00e0 faire. J&rsquo;utilise du mat\u00e9riel professionnel qui me garantit le meilleur r\u00e9sultat possible et qui est \u00e0 la pointe des nouvelles technologies.<\/p>\n<p>Pour les visites virtuelles Immobilier \u00e0 Paris, c&rsquo;est exactement le m\u00eame principe. Il existe plusieurs m\u00e9thodes pour r\u00e9aliser ces visites, avec diff\u00e9rents acteurs sur le march\u00e9. J&rsquo;ai opt\u00e9 pour la technologie Matterport car elle est, \u00e0 mon go\u00fbt, celle qui offre un rendu le plus haut de gamme possible \u00e0 savoir :<\/p>\n<ul>\n<li><strong>La cam\u00e9ra Matterport<\/strong> produit des images de haute qualit\u00e9 avec de nombreux d\u00e9tails<\/li>\n<li>Une bonne gestion des lumi\u00e8res et des contrastes<\/li>\n<li>Une <strong>excellente immersion<\/strong><\/li>\n<li>Les rendus 3D Matterport peuvent \u00eatre visualis\u00e9s avec plusieurs outils<\/li>\n<li>Une rapidit\u00e9 d\u2019ex\u00e9cution<\/li>\n<li>Cr\u00e9ation de <strong>visites guid\u00e9es automatiques<\/strong><\/li>\n<li><strong>Ajout de contenus interactif et enrichissement multim\u00e9dia<\/strong><\/li>\n<li>Int\u00e9gration \u00e0<strong> Google Street View<\/strong><\/li>\n<\/ul>\n<p>Certes, comme toute technologie de pointe, celle-ci est assez on\u00e9reuse, mais c&rsquo;est le prix de la qualit\u00e9 !<\/p>\n<p>Et mes clients sont pleinement satisfaits du rendu.<\/p>\n<p>Par ailleurs, vous pouvez facilement int\u00e9grer une visite virtuelle Matterport sur votre site internet, et si vous \u00eates \u00e9quip\u00e9 d&rsquo;un casque de r\u00e9alit\u00e9 virtuelle, vous pouvez faire visiter \u00e0 un client plusieurs biens d&rsquo;un coup sans bouger de votre agence immobili\u00e8re ! Voir au monde entier pour l&rsquo;agent immobilier qui partage la visite sur les r\u00e9seaux sociaux. Qui dit mieux ?<\/p>\n<h2><strong>Quels sont les avantages d&rsquo;une visite virtuelle ?<\/strong><\/h2>\n<p>Les visites virtuelles que je peux r\u00e9aliser s&rsquo;adressent \u00e0 de nombreux profils :<\/p>\n<ul>\n<li>Agences immobili\u00e8res : pour valoriser vos biens \u00e0 la vente, limiter le nombre de passages sur site, gagner du temps et signer plus de mandats exclusifs.<\/li>\n<li>Architecte : Voir et revoir les biens \u00e0 r\u00e9nover, r\u00e9cup\u00e9rer un nuage de points et des plans pr\u00e9cis.<\/li>\n<li>Ma\u00eetrise d\u2019\u0153uvre: piloter les travaux avec pr\u00e9cision pour briefer les \u00e9quipes \u00e0 distance.<\/li>\n<li>\u00c9v\u00e9nementiel : Visualiser les espaces avant installation, ou montrer les r\u00e9alisations pour la promotion.<\/li>\n<li>S\u00e9curit\u00e9 des sites : Pour former les salari\u00e9s et int\u00e9rimaires, une visite virtuelle Matterport Paris est un outil pratique et efficace.<\/li>\n<\/ul>\n<p>Exemples de r\u00e9alisations :<\/p>\n<p><iframe src=\"https:\/\/my.matterport.com\/show\/?m=LnmRUGw4vDA\" width=\"853\" height=\"480\" frameborder=\"0\" allowfullscreen=\"allowfullscreen\"><\/iframe><\/p>\n<p>&nbsp;<\/p>\n<p><a href=\"https:\/\/nicolaskalogeropoulos.com\/wordpress\/contact-3\/\">Contactez-moi<\/a> pour vos projets de visites virtuelles \u00e0 Paris ou pour vos projets de <a href=\"https:\/\/nicolaskalogeropoulos.com\/wordpress\/photographie-immobiliere-architecture\/\">photographie immobili\u00e8re \u00e0 Paris<\/a>.<\/p>\n","protected":false},"excerpt":{"rendered":"<p>Visite virtuelle pour l&rsquo;immobilier : qu&rsquo;est ce que c&rsquo;est? Vous [&hellip;]<\/p>\n","protected":false},"author":1,"featured_media":0,"parent":0,"menu_order":0,"comment_status":"closed","ping_status":"closed","template":"","meta":{"om_disable_all_campaigns":false,"footnotes":""},"class_list":["post-2799","page","type-page","status-publish","hentry"],"yoast_head":"<!-- This site is optimized with the Yoast SEO plugin v23.4 - https:\/\/yoast.com\/wordpress\/plugins\/seo\/ -->\n<title>Professionnel visites virtuelles immobilier \u00e0 Paris -<\/title>\n<meta name=\"robots\" content=\"index, follow, max-snippet:-1, max-image-preview:large, max-video-preview:-1\" \/>\n<link rel=\"canonical\" href=\"https:\/\/nicolaskalogeropoulos.com\/wordpress\/professionnel-visites-virtuelles-a-paris\/\" \/>\n<meta property=\"og:locale\" content=\"fr_FR\" \/>\n<meta property=\"og:type\" content=\"article\" \/>\n<meta property=\"og:title\" content=\"Professionnel visites virtuelles immobilier \u00e0 Paris -\" \/>\n<meta property=\"og:description\" content=\"Visite virtuelle pour l&rsquo;immobilier : qu&rsquo;est ce que c&rsquo;est? Vous [&hellip;]\" \/>\n<meta property=\"og:url\" content=\"https:\/\/nicolaskalogeropoulos.com\/wordpress\/professionnel-visites-virtuelles-a-paris\/\" \/>\n<meta property=\"og:site_name\" content=\"PHOTOGRAPHE CORPORATE PARIS\" \/>\n<meta property=\"article:publisher\" content=\"https:\/\/www.facebook.com\/NicoKaloPhotographe\/\" \/>\n<meta property=\"article:modified_time\" content=\"2023-09-13T09:23:57+00:00\" \/>\n<meta property=\"og:image\" content=\"https:\/\/nicolaskalogeropoulos.com\/wordpress\/wp-content\/uploads\/2020\/06\/2020-06-06-22_50_07-Space-Detail-300x195.png\" \/>\n<meta name=\"twitter:card\" content=\"summary_large_image\" \/>\n<meta name=\"twitter:site\" content=\"@papaestungeek\" \/>\n<meta name=\"twitter:label1\" content=\"Dur\u00e9e de lecture estim\u00e9e\" \/>\n\t<meta name=\"twitter:data1\" content=\"3 minutes\" \/>\n<script type=\"application\/ld+json\" class=\"yoast-schema-graph\">{\"@context\":\"https:\/\/schema.org\",\"@graph\":[{\"@type\":\"WebPage\",\"@id\":\"https:\/\/nicolaskalogeropoulos.com\/wordpress\/professionnel-visites-virtuelles-a-paris\/\",\"url\":\"https:\/\/nicolaskalogeropoulos.com\/wordpress\/professionnel-visites-virtuelles-a-paris\/\",\"name\":\"Professionnel visites virtuelles immobilier \u00e0 Paris -\",\"isPartOf\":{\"@id\":\"https:\/\/nicolaskalogeropoulos.com\/wordpress\/#website\"},\"primaryImageOfPage\":{\"@id\":\"https:\/\/nicolaskalogeropoulos.com\/wordpress\/professionnel-visites-virtuelles-a-paris\/#primaryimage\"},\"image\":{\"@id\":\"https:\/\/nicolaskalogeropoulos.com\/wordpress\/professionnel-visites-virtuelles-a-paris\/#primaryimage\"},\"thumbnailUrl\":\"https:\/\/nicolaskalogeropoulos.com\/wordpress\/wp-content\/uploads\/2020\/06\/2020-06-06-22_50_07-Space-Detail-300x195.png\",\"datePublished\":\"2020-06-09T16:43:59+00:00\",\"dateModified\":\"2023-09-13T09:23:57+00:00\",\"breadcrumb\":{\"@id\":\"https:\/\/nicolaskalogeropoulos.com\/wordpress\/professionnel-visites-virtuelles-a-paris\/#breadcrumb\"},\"inLanguage\":\"fr-FR\",\"potentialAction\":[{\"@type\":\"ReadAction\",\"target\":[\"https:\/\/nicolaskalogeropoulos.com\/wordpress\/professionnel-visites-virtuelles-a-paris\/\"]}]},{\"@type\":\"ImageObject\",\"inLanguage\":\"fr-FR\",\"@id\":\"https:\/\/nicolaskalogeropoulos.com\/wordpress\/professionnel-visites-virtuelles-a-paris\/#primaryimage\",\"url\":\"https:\/\/nicolaskalogeropoulos.com\/wordpress\/wp-content\/uploads\/2020\/06\/2020-06-06-22_50_07-Space-Detail.png\",\"contentUrl\":\"https:\/\/nicolaskalogeropoulos.com\/wordpress\/wp-content\/uploads\/2020\/06\/2020-06-06-22_50_07-Space-Detail.png\",\"width\":585,\"height\":380},{\"@type\":\"BreadcrumbList\",\"@id\":\"https:\/\/nicolaskalogeropoulos.com\/wordpress\/professionnel-visites-virtuelles-a-paris\/#breadcrumb\",\"itemListElement\":[{\"@type\":\"ListItem\",\"position\":1,\"name\":\"Accueil\",\"item\":\"https:\/\/nicolaskalogeropoulos.com\/wordpress\/\"},{\"@type\":\"ListItem\",\"position\":2,\"name\":\"Professionnel visites virtuelles immobilier \u00e0 Paris\"}]},{\"@type\":\"WebSite\",\"@id\":\"https:\/\/nicolaskalogeropoulos.com\/wordpress\/#website\",\"url\":\"https:\/\/nicolaskalogeropoulos.com\/wordpress\/\",\"name\":\"PHOTOGRAPHE CORPORATE PARIS\",\"description\":\"Nicolas Kalogeropoulos est un photographe freelance bas\u00e9 \u00e0 Paris, sp\u00e9cialis\u00e9 dans les photos pour les entreprises, portraits, reportages \u00e9v\u00e9nementiels, photo culinaire, etc.\",\"publisher\":{\"@id\":\"https:\/\/nicolaskalogeropoulos.com\/wordpress\/#organization\"},\"potentialAction\":[{\"@type\":\"SearchAction\",\"target\":{\"@type\":\"EntryPoint\",\"urlTemplate\":\"https:\/\/nicolaskalogeropoulos.com\/wordpress\/?s={search_term_string}\"},\"query-input\":{\"@type\":\"PropertyValueSpecification\",\"valueRequired\":true,\"valueName\":\"search_term_string\"}}],\"inLanguage\":\"fr-FR\"},{\"@type\":\"Organization\",\"@id\":\"https:\/\/nicolaskalogeropoulos.com\/wordpress\/#organization\",\"name\":\"Nicolas Kalogeropoulos Photographe Corporate\",\"url\":\"https:\/\/nicolaskalogeropoulos.com\/wordpress\/\",\"logo\":{\"@type\":\"ImageObject\",\"inLanguage\":\"fr-FR\",\"@id\":\"https:\/\/nicolaskalogeropoulos.com\/wordpress\/#\/schema\/logo\/image\/\",\"url\":\"https:\/\/nicolaskalogeropoulos.com\/wordpress\/wp-content\/uploads\/2015\/02\/logo2.png\",\"contentUrl\":\"https:\/\/nicolaskalogeropoulos.com\/wordpress\/wp-content\/uploads\/2015\/02\/logo2.png\",\"width\":145,\"height\":45,\"caption\":\"Nicolas Kalogeropoulos Photographe Corporate\"},\"image\":{\"@id\":\"https:\/\/nicolaskalogeropoulos.com\/wordpress\/#\/schema\/logo\/image\/\"},\"sameAs\":[\"https:\/\/www.facebook.com\/NicoKaloPhotographe\/\",\"https:\/\/x.com\/papaestungeek\",\"https:\/\/www.instagram.com\/nico_kalo\/\",\"https:\/\/www.linkedin.com\/in\/nicolas-kalogeropoulos-a95ba415\"]}]}<\/script>\n<!-- \/ Yoast SEO plugin. -->","yoast_head_json":{"title":"Professionnel visites virtuelles immobilier \u00e0 Paris -","robots":{"index":"index","follow":"follow","max-snippet":"max-snippet:-1","max-image-preview":"max-image-preview:large","max-video-preview":"max-video-preview:-1"},"canonical":"https:\/\/nicolaskalogeropoulos.com\/wordpress\/professionnel-visites-virtuelles-a-paris\/","og_locale":"fr_FR","og_type":"article","og_title":"Professionnel visites virtuelles immobilier \u00e0 Paris -","og_description":"Visite virtuelle pour l&rsquo;immobilier : qu&rsquo;est ce que c&rsquo;est? Vous [&hellip;]","og_url":"https:\/\/nicolaskalogeropoulos.com\/wordpress\/professionnel-visites-virtuelles-a-paris\/","og_site_name":"PHOTOGRAPHE CORPORATE PARIS","article_publisher":"https:\/\/www.facebook.com\/NicoKaloPhotographe\/","article_modified_time":"2023-09-13T09:23:57+00:00","og_image":[{"url":"https:\/\/nicolaskalogeropoulos.com\/wordpress\/wp-content\/uploads\/2020\/06\/2020-06-06-22_50_07-Space-Detail-300x195.png"}],"twitter_card":"summary_large_image","twitter_site":"@papaestungeek","twitter_misc":{"Dur\u00e9e de lecture estim\u00e9e":"3 minutes"},"schema":{"@context":"https:\/\/schema.org","@graph":[{"@type":"WebPage","@id":"https:\/\/nicolaskalogeropoulos.com\/wordpress\/professionnel-visites-virtuelles-a-paris\/","url":"https:\/\/nicolaskalogeropoulos.com\/wordpress\/professionnel-visites-virtuelles-a-paris\/","name":"Professionnel visites virtuelles immobilier \u00e0 Paris -","isPartOf":{"@id":"https:\/\/nicolaskalogeropoulos.com\/wordpress\/#website"},"primaryImageOfPage":{"@id":"https:\/\/nicolaskalogeropoulos.com\/wordpress\/professionnel-visites-virtuelles-a-paris\/#primaryimage"},"image":{"@id":"https:\/\/nicolaskalogeropoulos.com\/wordpress\/professionnel-visites-virtuelles-a-paris\/#primaryimage"},"thumbnailUrl":"https:\/\/nicolaskalogeropoulos.com\/wordpress\/wp-content\/uploads\/2020\/06\/2020-06-06-22_50_07-Space-Detail-300x195.png","datePublished":"2020-06-09T16:43:59+00:00","dateModified":"2023-09-13T09:23:57+00:00","breadcrumb":{"@id":"https:\/\/nicolaskalogeropoulos.com\/wordpress\/professionnel-visites-virtuelles-a-paris\/#breadcrumb"},"inLanguage":"fr-FR","potentialAction":[{"@type":"ReadAction","target":["https:\/\/nicolaskalogeropoulos.com\/wordpress\/professionnel-visites-virtuelles-a-paris\/"]}]},{"@type":"ImageObject","inLanguage":"fr-FR","@id":"https:\/\/nicolaskalogeropoulos.com\/wordpress\/professionnel-visites-virtuelles-a-paris\/#primaryimage","url":"https:\/\/nicolaskalogeropoulos.com\/wordpress\/wp-content\/uploads\/2020\/06\/2020-06-06-22_50_07-Space-Detail.png","contentUrl":"https:\/\/nicolaskalogeropoulos.com\/wordpress\/wp-content\/uploads\/2020\/06\/2020-06-06-22_50_07-Space-Detail.png","width":585,"height":380},{"@type":"BreadcrumbList","@id":"https:\/\/nicolaskalogeropoulos.com\/wordpress\/professionnel-visites-virtuelles-a-paris\/#breadcrumb","itemListElement":[{"@type":"ListItem","position":1,"name":"Accueil","item":"https:\/\/nicolaskalogeropoulos.com\/wordpress\/"},{"@type":"ListItem","position":2,"name":"Professionnel visites virtuelles immobilier \u00e0 Paris"}]},{"@type":"WebSite","@id":"https:\/\/nicolaskalogeropoulos.com\/wordpress\/#website","url":"https:\/\/nicolaskalogeropoulos.com\/wordpress\/","name":"PHOTOGRAPHE CORPORATE PARIS","description":"Nicolas Kalogeropoulos est un photographe freelance bas\u00e9 \u00e0 Paris, sp\u00e9cialis\u00e9 dans les photos pour les entreprises, portraits, reportages \u00e9v\u00e9nementiels, photo culinaire, etc.","publisher":{"@id":"https:\/\/nicolaskalogeropoulos.com\/wordpress\/#organization"},"potentialAction":[{"@type":"SearchAction","target":{"@type":"EntryPoint","urlTemplate":"https:\/\/nicolaskalogeropoulos.com\/wordpress\/?s={search_term_string}"},"query-input":{"@type":"PropertyValueSpecification","valueRequired":true,"valueName":"search_term_string"}}],"inLanguage":"fr-FR"},{"@type":"Organization","@id":"https:\/\/nicolaskalogeropoulos.com\/wordpress\/#organization","name":"Nicolas Kalogeropoulos Photographe Corporate","url":"https:\/\/nicolaskalogeropoulos.com\/wordpress\/","logo":{"@type":"ImageObject","inLanguage":"fr-FR","@id":"https:\/\/nicolaskalogeropoulos.com\/wordpress\/#\/schema\/logo\/image\/","url":"https:\/\/nicolaskalogeropoulos.com\/wordpress\/wp-content\/uploads\/2015\/02\/logo2.png","contentUrl":"https:\/\/nicolaskalogeropoulos.com\/wordpress\/wp-content\/uploads\/2015\/02\/logo2.png","width":145,"height":45,"caption":"Nicolas Kalogeropoulos Photographe Corporate"},"image":{"@id":"https:\/\/nicolaskalogeropoulos.com\/wordpress\/#\/schema\/logo\/image\/"},"sameAs":["https:\/\/www.facebook.com\/NicoKaloPhotographe\/","https:\/\/x.com\/papaestungeek","https:\/\/www.instagram.com\/nico_kalo\/","https:\/\/www.linkedin.com\/in\/nicolas-kalogeropoulos-a95ba415"]}]}},"amp_enabled":true,"_links":{"self":[{"href":"https:\/\/nicolaskalogeropoulos.com\/wordpress\/wp-json\/wp\/v2\/pages\/2799"}],"collection":[{"href":"https:\/\/nicolaskalogeropoulos.com\/wordpress\/wp-json\/wp\/v2\/pages"}],"about":[{"href":"https:\/\/nicolaskalogeropoulos.com\/wordpress\/wp-json\/wp\/v2\/types\/page"}],"author":[{"embeddable":true,"href":"https:\/\/nicolaskalogeropoulos.com\/wordpress\/wp-json\/wp\/v2\/users\/1"}],"replies":[{"embeddable":true,"href":"https:\/\/nicolaskalogeropoulos.com\/wordpress\/wp-json\/wp\/v2\/comments?post=2799"}],"version-history":[{"count":9,"href":"https:\/\/nicolaskalogeropoulos.com\/wordpress\/wp-json\/wp\/v2\/pages\/2799\/revisions"}],"predecessor-version":[{"id":3369,"href":"https:\/\/nicolaskalogeropoulos.com\/wordpress\/wp-json\/wp\/v2\/pages\/2799\/revisions\/3369"}],"wp:attachment":[{"href":"https:\/\/nicolaskalogeropoulos.com\/wordpress\/wp-json\/wp\/v2\/media?parent=2799"}],"curies":[{"name":"wp","href":"https:\/\/api.w.org\/{rel}","templated":true}]}}